{"id":1015,"date":"2024-02-02T05:56:31","date_gmt":"2024-02-02T05:56:31","guid":{"rendered":"https:\/\/aiatinternational.com\/spain\/?page_id=1015"},"modified":"2024-02-25T11:15:53","modified_gmt":"2024-02-25T11:15:53","slug":"contacto","status":"publish","type":"page","link":"https:\/\/aiatinternational.com\/spain\/contacto\/","title":{"rendered":"Contacto"},"content":{"rendered":"\t\t<div data-elementor-type=\"wp-page\" data-elementor-id=\"1015\" class=\"elementor elementor-1015\" data-elementor-post-type=\"page\">\n\t\t\t\t<div class=\"elementor-element elementor-element-a09358b e-flex e-con-boxed e-con e-parent\" data-id=\"a09358b\" data-element_type=\"container\">\n\t\t\t\t\t<div class=\"e-con-inner\">\n\t\t\t\t<div class=\"elementor-element elementor-element-ed3c87f animated-fast elementor-invisible elementor-widget elementor-widget-theme-post-title elementor-page-title elementor-widget-heading\" data-id=\"ed3c87f\" data-element_type=\"widget\" data-settings=\"{&quot;_animation&quot;:&quot;zoomIn&quot;}\" data-widget_type=\"theme-post-title.default\">\n\t\t\t\t\t<h1 class=\"elementor-heading-title elementor-size-default\">Contacto<\/h1>\t\t\t\t<\/div>\n\t\t<div class=\"elementor-element elementor-element-126bc7b e-flex e-con-boxed e-con e-child\" data-id=\"126bc7b\" data-element_type=\"container\">\n\t\t\t\t\t<div class=\"e-con-inner\">\n\t\t<div class=\"elementor-element elementor-element-72bdb6e animated-fast e-con-full elementor-hidden-mobile e-flex elementor-invisible e-con e-child\" data-id=\"72bdb6e\" data-element_type=\"container\" data-settings=\"{&quot;animation&quot;:&quot;zoomIn&quot;}\">\n\t\t\t\t<div class=\"elementor-element elementor-element-1a23349 elementor-widget elementor-widget-image\" data-id=\"1a23349\" data-element_type=\"widget\" data-widget_type=\"image.default\">\n\t\t\t\t\t\t\t\t\t\t\t\t\t\t\t<img fetchpriority=\"high\" decoding=\"async\" width=\"660\" height=\"443\" src=\"https:\/\/aiatinternational.com\/spain\/wp-content\/uploads\/2024\/02\/spain-map.png\" class=\"attachment-full size-full wp-image-1067\" alt=\"\" srcset=\"https:\/\/aiatinternational.com\/spain\/wp-content\/uploads\/2024\/02\/spain-map.png 660w, https:\/\/aiatinternational.com\/spain\/wp-content\/uploads\/2024\/02\/spain-map-300x201.png 300w\" sizes=\"(max-width: 660px) 100vw, 660px\" \/>\t\t\t\t\t\t\t\t\t\t\t\t\t\t\t<\/div>\n\t\t\t\t<\/div>\n\t\t<div class=\"elementor-element elementor-element-248bb0b animated-fast e-flex e-con-boxed elementor-invisible e-con e-child\" data-id=\"248bb0b\" data-element_type=\"container\" data-settings=\"{&quot;animation&quot;:&quot;zoomIn&quot;}\">\n\t\t\t\t\t<div class=\"e-con-inner\">\n\t\t\t\t<div class=\"elementor-element elementor-element-6cf2117 elementor-widget elementor-widget-heading\" data-id=\"6cf2117\" data-element_type=\"widget\" data-widget_type=\"heading.default\">\n\t\t\t\t\t<h3 class=\"elementor-heading-title elementor-size-default\">Detalles de contacto:<\/h3>\t\t\t\t<\/div>\n\t\t\t\t<div class=\"elementor-element elementor-element-aa1be3e animated-fast elementor-hidden-desktop elementor-hidden-tablet elementor-hidden-mobile elementor-invisible elementor-widget elementor-widget-text-editor\" data-id=\"aa1be3e\" data-element_type=\"widget\" data-settings=\"{&quot;_animation&quot;:&quot;zoomIn&quot;}\" data-widget_type=\"text-editor.default\">\n\t\t\t\t\t\t\t\t\t<p><strong>12 Homefield Road Chawston<\/strong><br \/>Bedfordshire MK44 3BN, UK<\/p>\t\t\t\t\t\t\t\t<\/div>\n\t\t<div class=\"elementor-element elementor-element-5b47872 animated-fast e-flex e-con-boxed elementor-invisible e-con e-child\" data-id=\"5b47872\" data-element_type=\"container\" data-settings=\"{&quot;animation&quot;:&quot;zoomIn&quot;}\">\n\t\t\t\t\t<div class=\"e-con-inner\">\n\t\t\t\t<div class=\"elementor-element elementor-element-70915db elementor-widget elementor-widget-image\" data-id=\"70915db\" data-element_type=\"widget\" data-widget_type=\"image.default\">\n\t\t\t\t\t\t\t\t\t\t\t\t\t\t\t<img decoding=\"async\" width=\"50\" height=\"50\" src=\"https:\/\/aiatinternational.com\/spain\/wp-content\/uploads\/2024\/02\/icon_phone.png\" class=\"attachment-full size-full wp-image-1066\" alt=\"\" \/>\t\t\t\t\t\t\t\t\t\t\t\t\t\t\t<\/div>\n\t\t\t\t<div class=\"elementor-element elementor-element-883eca4 elementor-widget elementor-widget-heading\" data-id=\"883eca4\" data-element_type=\"widget\" data-widget_type=\"heading.default\">\n\t\t\t\t\t<div class=\"elementor-heading-title elementor-size-default\"><a href=\"tel:+34954272604\">+34 954 27 26 04<\/a><\/div>\t\t\t\t<\/div>\n\t\t\t\t\t<\/div>\n\t\t\t\t<\/div>\n\t\t<div class=\"elementor-element elementor-element-4196960 animated-fast e-flex e-con-boxed elementor-invisible e-con e-child\" data-id=\"4196960\" data-element_type=\"container\" data-settings=\"{&quot;animation&quot;:&quot;zoomIn&quot;}\">\n\t\t\t\t\t<div class=\"e-con-inner\">\n\t\t\t\t<div class=\"elementor-element elementor-element-96d90f4 elementor-widget elementor-widget-image\" data-id=\"96d90f4\" data-element_type=\"widget\" data-widget_type=\"image.default\">\n\t\t\t\t\t\t\t\t\t\t\t\t\t\t\t<img decoding=\"async\" width=\"50\" height=\"36\" src=\"https:\/\/aiatinternational.com\/spain\/wp-content\/uploads\/2024\/01\/icon_mail.png\" class=\"attachment-full size-full wp-image-389\" alt=\"\" \/>\t\t\t\t\t\t\t\t\t\t\t\t\t\t\t<\/div>\n\t\t\t\t<div class=\"elementor-element elementor-element-53e4b64 elementor-widget elementor-widget-heading\" data-id=\"53e4b64\" data-element_type=\"widget\" data-widget_type=\"heading.default\">\n\t\t\t\t\t<div class=\"elementor-heading-title elementor-size-default\"><a href=\"mailto:rcea@rcea.net\">rcea@rcea.net<\/a><\/div>\t\t\t\t<\/div>\n\t\t\t\t\t<\/div>\n\t\t\t\t<\/div>\n\t\t<div class=\"elementor-element elementor-element-629b632 animated-fast e-flex e-con-boxed elementor-invisible e-con e-child\" data-id=\"629b632\" data-element_type=\"container\" data-settings=\"{&quot;animation&quot;:&quot;zoomIn&quot;}\">\n\t\t\t\t\t<div class=\"e-con-inner\">\n\t\t\t\t<div class=\"elementor-element elementor-element-a3d9404 elementor-widget elementor-widget-image\" data-id=\"a3d9404\" data-element_type=\"widget\" data-widget_type=\"image.default\">\n\t\t\t\t\t\t\t\t\t\t\t\t\t\t\t<img decoding=\"async\" width=\"50\" height=\"36\" src=\"https:\/\/aiatinternational.com\/spain\/wp-content\/uploads\/2024\/01\/icon_mail.png\" class=\"attachment-full size-full wp-image-389\" alt=\"\" \/>\t\t\t\t\t\t\t\t\t\t\t\t\t\t\t<\/div>\n\t\t\t\t<div class=\"elementor-element elementor-element-f3e216b elementor-widget elementor-widget-heading\" data-id=\"f3e216b\" data-element_type=\"widget\" data-widget_type=\"heading.default\">\n\t\t\t\t\t<div class=\"elementor-heading-title elementor-size-default\"><a href=\"mailto:info@rcea.net\">info@rcea.net<\/a><\/div>\t\t\t\t<\/div>\n\t\t\t\t\t<\/div>\n\t\t\t\t<\/div>\n\t\t<div class=\"elementor-element elementor-element-e0b9d4a animated-fast e-flex e-con-boxed elementor-invisible e-con e-child\" data-id=\"e0b9d4a\" data-element_type=\"container\" data-settings=\"{&quot;animation&quot;:&quot;zoomIn&quot;}\">\n\t\t\t\t\t<div class=\"e-con-inner\">\n\t\t\t\t<div class=\"elementor-element elementor-element-c7dbc34 elementor-widget elementor-widget-image\" data-id=\"c7dbc34\" data-element_type=\"widget\" data-widget_type=\"image.default\">\n\t\t\t\t\t\t\t\t\t\t\t\t\t\t\t<img decoding=\"async\" width=\"50\" height=\"36\" src=\"https:\/\/aiatinternational.com\/spain\/wp-content\/uploads\/2024\/01\/icon_mail.png\" class=\"attachment-full size-full wp-image-389\" alt=\"\" \/>\t\t\t\t\t\t\t\t\t\t\t\t\t\t\t<\/div>\n\t\t\t\t<div class=\"elementor-element elementor-element-9764c84 elementor-widget elementor-widget-heading\" data-id=\"9764c84\" data-element_type=\"widget\" data-widget_type=\"heading.default\">\n\t\t\t\t\t<div class=\"elementor-heading-title elementor-size-default\"><a href=\"mailto:inscripciones@rcea.net\">inscripciones@rcea.net<\/a><\/div>\t\t\t\t<\/div>\n\t\t\t\t\t<\/div>\n\t\t\t\t<\/div>\n\t\t\t\t<div class=\"elementor-element elementor-element-81a67dd elementor-widget elementor-widget-heading\" data-id=\"81a67dd\" data-element_type=\"widget\" data-widget_type=\"heading.default\">\n\t\t\t\t\t<h3 class=\"elementor-heading-title elementor-size-default\">Membres de l\u2019\u00e9quipe de direction:<\/h3>\t\t\t\t<\/div>\n\t\t\t\t<div class=\"elementor-element elementor-element-66e28b0 animated-fast elementor-invisible elementor-widget elementor-widget-text-editor\" data-id=\"66e28b0\" data-element_type=\"widget\" data-settings=\"{&quot;_animation&quot;:&quot;zoomIn&quot;}\" data-widget_type=\"text-editor.default\">\n\t\t\t\t\t\t\t\t\t<p><strong>Presidente:<\/strong> D. Jes\u00fas Contreras Campos<br \/><strong>Vicepresidente:<\/strong> D. Luis Torres de La Rubia<br \/><strong>Vicepresidente:<\/strong> D. Jos\u00e9 Juan Morales Fern\u00e1ndez<br \/><strong>Vicepresidente:<\/strong> D. Raimundo Coral Rubiales<br \/><strong>Vicepresidente:<\/strong> D. Ram\u00f3n Moreno de los Rios y Diaz<br \/><strong>Vicepresidente:<\/strong> D. Salvador Suarez Jimenez<br \/><strong>Secretario General:<\/strong> D. Juan Hern\u00e1ndez-Barahona Palma<br \/><strong>Tesorera:<\/strong> D\u00aa. Elia Torres Gonzalez de Aguilar<br \/><strong>Vocal:<\/strong> D. Raimundo Coral Flores<br \/><strong>Vocal:<\/strong> D. Rafael Jimenez Lozano<br \/><strong>Vocal:<\/strong> D. Miguel Angel Garc\u00eda &#8211; Dieguez Lopez<br \/><strong>Vocal:<\/strong> D. Enrique Mor\u00e1n Dur\u00e1n<br \/><strong>Vocal:<\/strong> D. Manuel Iba\u00f1ez Noriega<br \/><strong>Vocal:<\/strong> D. Miguel Angel Gutierrez Camarillo<br \/><strong>Vocal:<\/strong> D. Jose Maria Hern\u00e1ndez-Barahona Campos<br \/><strong>Vocal:<\/strong> D. Jos\u00e9 Diaz Sol\u00eds<br \/><strong>Vocal:<\/strong> D\u00aa. Marta Contreras Campos<br \/><strong>Vocal:<\/strong> D. Rogelio Gomez Usin<br \/><strong>Vocal:<\/strong> D. Maria Teresa Morales Romer<\/p><p><strong>Proposal of a person administering the part dedicated to a\u00a0given country<\/strong> (a person who will enter photos and reports from a given country and maintain contact with the main administrator)<br \/>D. Jose Juan Morales Fernandez<\/p><p><strong>List of people undergoing training as judges and technical delegates:<\/strong><\/p><p><strong>International\u2019s judges:<\/strong><br \/>Maria Angeles Matas Lagomazzini<br \/>Rafael Ruiz-Henestrosa Laynez<\/p><p><strong>Technical Delegates:<\/strong><br \/>Jose Mata Lagomazzini<br \/>Crist\u00f3bal Ruiz Melendez<\/p>\t\t\t\t\t\t\t\t<\/div>\n\t\t\t\t<div class=\"elementor-element elementor-element-869bd8b elementor-mobile-align-left elementor-hidden-desktop elementor-hidden-tablet elementor-hidden-mobile elementor-widget elementor-widget-button\" data-id=\"869bd8b\" data-element_type=\"widget\" data-widget_type=\"button.default\">\n\t\t\t\t\t\t\t\t\t\t<a class=\"elementor-button elementor-button-link elementor-size-lg\" href=\"https:\/\/www.facebook.com\/attelagedetradition\/\" target=\"_blank\">\n\t\t\t\t\t\t<span class=\"elementor-button-content-wrapper\">\n\t\t\t\t\t\t<span class=\"elementor-button-icon\">\n\t\t\t\t<svg aria-hidden=\"true\" class=\"e-font-icon-svg e-fab-facebook-f\" viewBox=\"0 0 320 512\" xmlns=\"http:\/\/www.w3.org\/2000\/svg\"><path d=\"M279.14 288l14.22-92.66h-88.91v-60.13c0-25.35 12.42-50.06 52.24-50.06h40.42V6.26S260.43 0 225.36 0c-73.22 0-121.08 44.38-121.08 124.72v70.62H22.89V288h81.39v224h100.17V288z\"><\/path><\/svg>\t\t\t<\/span>\n\t\t\t\t\t\t\t\t\t<span class=\"elementor-button-text\">S\u00edguenos en Facebook<\/span>\n\t\t\t\t\t<\/span>\n\t\t\t\t\t<\/a>\n\t\t\t\t\t\t\t\t<\/div>\n\t\t\t\t\t<\/div>\n\t\t\t\t<\/div>\n\t\t\t\t\t<\/div>\n\t\t\t\t<\/div>\n\t\t\t\t\t<\/div>\n\t\t\t\t<\/div>\n\t\t\t\t<\/div>\n\t\t","protected":false},"excerpt":{"rendered":"<p>Detalles de contacto: 12 Homefield Road ChawstonBedfordshire MK44 3BN, UK +34 954 27 26 04 rcea@rcea.net info@rcea.net inscripciones@rcea.net Membres de l\u2019\u00e9quipe de direction: Presidente: D. Jes\u00fas Contreras CamposVicepresidente: D. Luis Torres de La RubiaVicepresidente: D. Jos\u00e9 Juan Morales Fern\u00e1ndezVicepresidente: D. Raimundo Coral RubialesVicepresidente: D. Ram\u00f3n Moreno de los Rios y DiazVicepresidente: D. Salvador Suarez JimenezSecretario [&hellip;]<\/p>\n","protected":false},"author":1,"featured_media":0,"parent":0,"menu_order":0,"comment_status":"closed","ping_status":"closed","template":"","meta":{"_exactmetrics_skip_tracking":false,"_exactmetrics_sitenote_active":false,"_exactmetrics_sitenote_note":"","_exactmetrics_sitenote_category":0,"footnotes":""},"class_list":["post-1015","page","type-page","status-publish","hentry"],"acf":[],"_links":{"self":[{"href":"https:\/\/aiatinternational.com\/spain\/wp-json\/wp\/v2\/pages\/1015","targetHints":{"allow":["GET"]}}],"collection":[{"href":"https:\/\/aiatinternational.com\/spain\/wp-json\/wp\/v2\/pages"}],"about":[{"href":"https:\/\/aiatinternational.com\/spain\/wp-json\/wp\/v2\/types\/page"}],"author":[{"embeddable":true,"href":"https:\/\/aiatinternational.com\/spain\/wp-json\/wp\/v2\/users\/1"}],"replies":[{"embeddable":true,"href":"https:\/\/aiatinternational.com\/spain\/wp-json\/wp\/v2\/comments?post=1015"}],"version-history":[{"count":5,"href":"https:\/\/aiatinternational.com\/spain\/wp-json\/wp\/v2\/pages\/1015\/revisions"}],"predecessor-version":[{"id":1070,"href":"https:\/\/aiatinternational.com\/spain\/wp-json\/wp\/v2\/pages\/1015\/revisions\/1070"}],"wp:attachment":[{"href":"https:\/\/aiatinternational.com\/spain\/wp-json\/wp\/v2\/media?parent=1015"}],"curies":[{"name":"wp","href":"https:\/\/api.w.org\/{rel}","templated":true}]}}