{"id":1015,"date":"2024-02-02T05:56:31","date_gmt":"2024-02-02T05:56:31","guid":{"rendered":"https:\/\/aiatinternational.com\/portugal\/?page_id=1015"},"modified":"2024-02-25T11:09:34","modified_gmt":"2024-02-25T11:09:34","slug":"contactos","status":"publish","type":"page","link":"https:\/\/aiatinternational.com\/portugal\/contactos\/","title":{"rendered":"Contactos"},"content":{"rendered":"\t\t<div data-elementor-type=\"wp-page\" data-elementor-id=\"1015\" class=\"elementor elementor-1015\" data-elementor-post-type=\"page\">\n\t\t\t\t<div class=\"elementor-element elementor-element-a09358b e-flex e-con-boxed e-con e-parent\" data-id=\"a09358b\" data-element_type=\"container\">\n\t\t\t\t\t<div class=\"e-con-inner\">\n\t\t\t\t<div class=\"elementor-element elementor-element-ed3c87f animated-fast elementor-invisible elementor-widget elementor-widget-theme-post-title elementor-page-title elementor-widget-heading\" data-id=\"ed3c87f\" data-element_type=\"widget\" data-settings=\"{&quot;_animation&quot;:&quot;zoomIn&quot;}\" data-widget_type=\"theme-post-title.default\">\n\t\t\t\t\t<h1 class=\"elementor-heading-title elementor-size-default\">Contactos<\/h1>\t\t\t\t<\/div>\n\t\t<div class=\"elementor-element elementor-element-126bc7b e-flex e-con-boxed e-con e-child\" data-id=\"126bc7b\" data-element_type=\"container\">\n\t\t\t\t\t<div class=\"e-con-inner\">\n\t\t<div class=\"elementor-element elementor-element-72bdb6e animated-fast e-con-full elementor-hidden-mobile e-flex elementor-invisible e-con e-child\" data-id=\"72bdb6e\" data-element_type=\"container\" data-settings=\"{&quot;animation&quot;:&quot;zoomIn&quot;}\">\n\t\t\t\t<div class=\"elementor-element elementor-element-1a23349 elementor-widget elementor-widget-image\" data-id=\"1a23349\" data-element_type=\"widget\" data-widget_type=\"image.default\">\n\t\t\t\t\t\t\t\t\t\t\t\t\t\t\t<img fetchpriority=\"high\" decoding=\"async\" width=\"567\" height=\"1082\" src=\"https:\/\/aiatinternational.com\/portugal\/wp-content\/uploads\/2024\/02\/portugal-map.png\" class=\"attachment-full size-full wp-image-1067\" alt=\"\" srcset=\"https:\/\/aiatinternational.com\/portugal\/wp-content\/uploads\/2024\/02\/portugal-map.png 567w, https:\/\/aiatinternational.com\/portugal\/wp-content\/uploads\/2024\/02\/portugal-map-157x300.png 157w, https:\/\/aiatinternational.com\/portugal\/wp-content\/uploads\/2024\/02\/portugal-map-537x1024.png 537w\" sizes=\"(max-width: 567px) 100vw, 567px\" \/>\t\t\t\t\t\t\t\t\t\t\t\t\t\t\t<\/div>\n\t\t\t\t<\/div>\n\t\t<div class=\"elementor-element elementor-element-248bb0b animated-fast e-flex e-con-boxed elementor-invisible e-con e-child\" data-id=\"248bb0b\" data-element_type=\"container\" data-settings=\"{&quot;animation&quot;:&quot;zoomIn&quot;}\">\n\t\t\t\t\t<div class=\"e-con-inner\">\n\t\t\t\t<div class=\"elementor-element elementor-element-6cf2117 elementor-widget elementor-widget-heading\" data-id=\"6cf2117\" data-element_type=\"widget\" data-widget_type=\"heading.default\">\n\t\t\t\t\t<h3 class=\"elementor-heading-title elementor-size-default\">Detalhes do contato:<\/h3>\t\t\t\t<\/div>\n\t\t\t\t<div class=\"elementor-element elementor-element-aa1be3e animated-fast elementor-invisible elementor-widget elementor-widget-text-editor\" data-id=\"aa1be3e\" data-element_type=\"widget\" data-settings=\"{&quot;_animation&quot;:&quot;zoomIn&quot;}\" data-widget_type=\"text-editor.default\">\n\t\t\t\t\t\t\t\t\t<p><strong>Pal\u00e1cio do Pelourinho<\/strong><br \/><strong>Largo da Imaculada Concei\u00e7\u00e3o<\/strong><br \/>Apartado 1 &#8211; 2151-901 Goleg\u00e3<br \/>Portugal<br \/><br \/><\/p>\t\t\t\t\t\t\t\t<\/div>\n\t\t<div class=\"elementor-element elementor-element-5b47872 animated-fast e-flex e-con-boxed elementor-invisible e-con e-child\" data-id=\"5b47872\" data-element_type=\"container\" data-settings=\"{&quot;animation&quot;:&quot;zoomIn&quot;}\">\n\t\t\t\t\t<div class=\"e-con-inner\">\n\t\t\t\t<div class=\"elementor-element elementor-element-70915db elementor-widget elementor-widget-image\" data-id=\"70915db\" data-element_type=\"widget\" data-widget_type=\"image.default\">\n\t\t\t\t\t\t\t\t\t\t\t\t\t\t\t<img decoding=\"async\" width=\"50\" height=\"50\" src=\"https:\/\/aiatinternational.com\/portugal\/wp-content\/uploads\/2024\/02\/icon_phone.png\" class=\"attachment-full size-full wp-image-1068\" alt=\"\" \/>\t\t\t\t\t\t\t\t\t\t\t\t\t\t\t<\/div>\n\t\t\t\t<div class=\"elementor-element elementor-element-883eca4 elementor-widget elementor-widget-heading\" data-id=\"883eca4\" data-element_type=\"widget\" data-widget_type=\"heading.default\">\n\t\t\t\t\t<div class=\"elementor-heading-title elementor-size-default\"><a href=\"tel:+351918393204\">+351 918 393 204 (Eduardo Cruz)<\/a><\/div>\t\t\t\t<\/div>\n\t\t\t\t\t<\/div>\n\t\t\t\t<\/div>\n\t\t<div class=\"elementor-element elementor-element-31260c3 animated-fast e-flex e-con-boxed elementor-invisible e-con e-child\" data-id=\"31260c3\" data-element_type=\"container\" data-settings=\"{&quot;animation&quot;:&quot;zoomIn&quot;}\">\n\t\t\t\t\t<div class=\"e-con-inner\">\n\t\t\t\t<div class=\"elementor-element elementor-element-3912cb1 elementor-widget elementor-widget-image\" data-id=\"3912cb1\" data-element_type=\"widget\" data-widget_type=\"image.default\">\n\t\t\t\t\t\t\t\t\t\t\t\t\t\t\t<img decoding=\"async\" width=\"50\" height=\"36\" src=\"https:\/\/aiatinternational.com\/portugal\/wp-content\/uploads\/2024\/01\/icon_mail.png\" class=\"attachment-full size-full wp-image-389\" alt=\"\" \/>\t\t\t\t\t\t\t\t\t\t\t\t\t\t\t<\/div>\n\t\t\t\t<div class=\"elementor-element elementor-element-6e3b94f elementor-widget elementor-widget-heading\" data-id=\"6e3b94f\" data-element_type=\"widget\" data-widget_type=\"heading.default\">\n\t\t\t\t\t<div class=\"elementor-heading-title elementor-size-default\"><a href=\"mailto:geral@apatrelagem.com\">geral@apatrelagem.com<\/a><\/div>\t\t\t\t<\/div>\n\t\t\t\t\t<\/div>\n\t\t\t\t<\/div>\n\t\t\t\t<div class=\"elementor-element elementor-element-81a67dd elementor-widget elementor-widget-heading\" data-id=\"81a67dd\" data-element_type=\"widget\" data-widget_type=\"heading.default\">\n\t\t\t\t\t<h3 class=\"elementor-heading-title elementor-size-default\">Direction members 2023-2025:<\/h3>\t\t\t\t<\/div>\n\t\t\t\t<div class=\"elementor-element elementor-element-66e28b0 animated-fast elementor-invisible elementor-widget elementor-widget-text-editor\" data-id=\"66e28b0\" data-element_type=\"widget\" data-settings=\"{&quot;_animation&quot;:&quot;zoomIn&quot;}\" data-widget_type=\"text-editor.default\">\n\t\t\t\t\t\t\t\t\t<p><strong>President:<\/strong> Miguel Sanches de Baena<br \/><strong>Vice-President:<\/strong> Eduardo Mira Cruz<br \/><strong>Vice-President:<\/strong> Maria Antonia Melo Brayner<br \/><strong>Vice-President:<\/strong> Pedro Terr\u00e9<br \/><strong>Vice-President:<\/strong> Gon\u00e7alo Ribeiro Falc\u00e3or<\/p><p><strong>Person dedicated to manage the FB and Instagram:<\/strong><br \/>Gon\u00e7alo Ribeiro Falc\u00e3o<\/p><p><strong>Persons undertraining for Judges:<\/strong><br \/>Pedro Terre<br \/>Gon\u00e7alo Ribeiro Falc\u00e3o<br \/>Luis Oliveira Rodrigues<\/p><p><strong>Persons undertraining for technical delegates:<\/strong><br \/>Maria Antonia Melo Brayner<br \/>Nuno Duque<br \/>Rui Quintino<\/p>\t\t\t\t\t\t\t\t<\/div>\n\t\t\t\t<div class=\"elementor-element elementor-element-869bd8b elementor-mobile-align-left elementor-hidden-desktop elementor-hidden-tablet elementor-hidden-mobile elementor-widget elementor-widget-button\" data-id=\"869bd8b\" data-element_type=\"widget\" data-widget_type=\"button.default\">\n\t\t\t\t\t\t\t\t\t\t<a class=\"elementor-button elementor-button-link elementor-size-lg\" href=\"https:\/\/www.facebook.com\/attelagedetradition\/\" target=\"_blank\">\n\t\t\t\t\t\t<span class=\"elementor-button-content-wrapper\">\n\t\t\t\t\t\t<span class=\"elementor-button-icon\">\n\t\t\t\t<svg aria-hidden=\"true\" class=\"e-font-icon-svg e-fab-facebook-f\" viewBox=\"0 0 320 512\" xmlns=\"http:\/\/www.w3.org\/2000\/svg\"><path d=\"M279.14 288l14.22-92.66h-88.91v-60.13c0-25.35 12.42-50.06 52.24-50.06h40.42V6.26S260.43 0 225.36 0c-73.22 0-121.08 44.38-121.08 124.72v70.62H22.89V288h81.39v224h100.17V288z\"><\/path><\/svg>\t\t\t<\/span>\n\t\t\t\t\t\t\t\t\t<span class=\"elementor-button-text\">Nos siga no Facebook<\/span>\n\t\t\t\t\t<\/span>\n\t\t\t\t\t<\/a>\n\t\t\t\t\t\t\t\t<\/div>\n\t\t\t\t\t<\/div>\n\t\t\t\t<\/div>\n\t\t\t\t\t<\/div>\n\t\t\t\t<\/div>\n\t\t\t\t\t<\/div>\n\t\t\t\t<\/div>\n\t\t\t\t<\/div>\n\t\t","protected":false},"excerpt":{"rendered":"<p>Detalhes do contato: Pal\u00e1cio do PelourinhoLargo da Imaculada Concei\u00e7\u00e3oApartado 1 &#8211; 2151-901 Goleg\u00e3Portugal +351 918 393 204 (Eduardo Cruz) geral@apatrelagem.com Direction members 2023-2025: President: Miguel Sanches de BaenaVice-President: Eduardo Mira CruzVice-President: Maria Antonia Melo BraynerVice-President: Pedro Terr\u00e9Vice-President: Gon\u00e7alo Ribeiro Falc\u00e3or Person dedicated to manage the FB and Instagram:Gon\u00e7alo Ribeiro Falc\u00e3o Persons undertraining for Judges:Pedro TerreGon\u00e7alo [&hellip;]<\/p>\n","protected":false},"author":1,"featured_media":0,"parent":0,"menu_order":0,"comment_status":"closed","ping_status":"closed","template":"","meta":{"_exactmetrics_skip_tracking":false,"_exactmetrics_sitenote_active":false,"_exactmetrics_sitenote_note":"","_exactmetrics_sitenote_category":0,"footnotes":""},"class_list":["post-1015","page","type-page","status-publish","hentry"],"acf":[],"_links":{"self":[{"href":"https:\/\/aiatinternational.com\/portugal\/wp-json\/wp\/v2\/pages\/1015","targetHints":{"allow":["GET"]}}],"collection":[{"href":"https:\/\/aiatinternational.com\/portugal\/wp-json\/wp\/v2\/pages"}],"about":[{"href":"https:\/\/aiatinternational.com\/portugal\/wp-json\/wp\/v2\/types\/page"}],"author":[{"embeddable":true,"href":"https:\/\/aiatinternational.com\/portugal\/wp-json\/wp\/v2\/users\/1"}],"replies":[{"embeddable":true,"href":"https:\/\/aiatinternational.com\/portugal\/wp-json\/wp\/v2\/comments?post=1015"}],"version-history":[{"count":5,"href":"https:\/\/aiatinternational.com\/portugal\/wp-json\/wp\/v2\/pages\/1015\/revisions"}],"predecessor-version":[{"id":1071,"href":"https:\/\/aiatinternational.com\/portugal\/wp-json\/wp\/v2\/pages\/1015\/revisions\/1071"}],"wp:attachment":[{"href":"https:\/\/aiatinternational.com\/portugal\/wp-json\/wp\/v2\/media?parent=1015"}],"curies":[{"name":"wp","href":"https:\/\/api.w.org\/{rel}","templated":true}]}}