{"id":1041,"date":"2024-02-02T06:33:02","date_gmt":"2024-02-02T06:33:02","guid":{"rendered":"https:\/\/aiatinternational.com\/czech-republic\/?page_id=1041"},"modified":"2024-03-13T14:57:14","modified_gmt":"2024-03-13T14:57:14","slug":"zpravy","status":"publish","type":"page","link":"https:\/\/aiatinternational.com\/czech-republic\/","title":{"rendered":"Zpr\u00e1vy"},"content":{"rendered":"\t\t<div data-elementor-type=\"wp-page\" data-elementor-id=\"1041\" class=\"elementor elementor-1041\" data-elementor-post-type=\"page\">\n\t\t\t\t<div class=\"elementor-element elementor-element-f5f7d3e e-flex e-con-boxed e-con e-parent\" data-id=\"f5f7d3e\" data-element_type=\"container\">\n\t\t\t\t\t<div class=\"e-con-inner\">\n\t\t\t\t<div class=\"elementor-element elementor-element-9c6f21d animated-fast elementor-invisible elementor-widget elementor-widget-heading\" data-id=\"9c6f21d\" data-element_type=\"widget\" data-settings=\"{&quot;_animation&quot;:&quot;zoomIn&quot;}\" data-widget_type=\"heading.default\">\n\t\t\t\t\t<h3 class=\"elementor-heading-title elementor-size-default\">Zpr\u00e1vy<\/h3>\t\t\t\t<\/div>\n\t\t\t\t<div class=\"elementor-element elementor-element-abf3255 elementor-grid-1 elementor-grid-tablet-1 animated-fast elementor-grid-mobile-1 elementor-invisible elementor-widget elementor-widget-loop-grid\" data-id=\"abf3255\" data-element_type=\"widget\" data-settings=\"{&quot;template_id&quot;:366,&quot;columns&quot;:1,&quot;columns_tablet&quot;:1,&quot;row_gap&quot;:{&quot;unit&quot;:&quot;px&quot;,&quot;size&quot;:50,&quot;sizes&quot;:[]},&quot;_animation&quot;:&quot;zoomIn&quot;,&quot;_skin&quot;:&quot;post&quot;,&quot;columns_mobile&quot;:&quot;1&quot;,&quot;edit_handle_selector&quot;:&quot;[data-elementor-type=\\&quot;loop-item\\&quot;]&quot;,&quot;row_gap_tablet&quot;:{&quot;unit&quot;:&quot;px&quot;,&quot;size&quot;:&quot;&quot;,&quot;sizes&quot;:[]},&quot;row_gap_mobile&quot;:{&quot;unit&quot;:&quot;px&quot;,&quot;size&quot;:&quot;&quot;,&quot;sizes&quot;:[]}}\" data-widget_type=\"loop-grid.post\">\n\t\t\t\t<div class=\"elementor-widget-container\">\n\t\t\t\t\t\t\t<div class=\"elementor-loop-container elementor-grid\" role=\"list\">\n\t\t<style id=\"loop-366\">.elementor-366 .elementor-element.elementor-element-06bfba5{--display:flex;--flex-direction:row;--container-widget-width:initial;--container-widget-height:100%;--container-widget-flex-grow:1;--container-widget-align-self:stretch;--flex-wrap-mobile:wrap;--gap:50px 50px;--row-gap:50px;--column-gap:50px;}.elementor-366 .elementor-element.elementor-element-d3fcf6f{--display:flex;}.elementor-widget-theme-post-featured-image .widget-image-caption{color:var( --e-global-color-text );font-family:var( --e-global-typography-text-font-family ), Sans-serif;font-weight:var( --e-global-typography-text-font-weight );}.elementor-366 .elementor-element.elementor-element-85b1689 img{width:100%;height:400px;object-fit:cover;object-position:center center;border-radius:10px 10px 10px 10px;}.elementor-366 .elementor-element.elementor-element-82c5ed4{--display:flex;--justify-content:center;--gap:31px 31px;--row-gap:31px;--column-gap:31px;--padding-top:0px;--padding-bottom:0px;--padding-left:0px;--padding-right:0px;}.elementor-widget-theme-post-title .elementor-heading-title{font-family:var( --e-global-typography-primary-font-family ), Sans-serif;font-weight:var( --e-global-typography-primary-font-weight );line-height:var( --e-global-typography-primary-line-height );color:var( --e-global-color-primary );}.elementor-366 .elementor-element.elementor-element-f46ef00 .elementor-heading-title{font-family:\"Open Sans\", Sans-serif;font-size:31px;font-weight:600;line-height:1.3em;color:var( --e-global-color-accent );}.elementor-widget-text-editor{font-family:var( --e-global-typography-text-font-family ), Sans-serif;font-weight:var( --e-global-typography-text-font-weight );color:var( --e-global-color-text );}.elementor-widget-text-editor.elementor-drop-cap-view-stacked .elementor-drop-cap{background-color:var( --e-global-color-primary );}.elementor-widget-text-editor.elementor-drop-cap-view-framed .elementor-drop-cap, .elementor-widget-text-editor.elementor-drop-cap-view-default .elementor-drop-cap{color:var( --e-global-color-primary );border-color:var( --e-global-color-primary );}.elementor-366 .elementor-element.elementor-element-d40ec33{font-family:\"Open Sans\", Sans-serif;font-weight:400;}.elementor-widget-button .elementor-button{background-color:var( --e-global-color-accent );font-family:var( --e-global-typography-accent-font-family ), Sans-serif;font-weight:var( --e-global-typography-accent-font-weight );}.elementor-366 .elementor-element.elementor-element-e09157d .elementor-button:hover, .elementor-366 .elementor-element.elementor-element-e09157d .elementor-button:focus{background-color:var( --e-global-color-primary );color:var( --e-global-color-secondary );}.elementor-366 .elementor-element.elementor-element-e09157d .elementor-button:hover svg, .elementor-366 .elementor-element.elementor-element-e09157d .elementor-button:focus svg{fill:var( --e-global-color-secondary );}@media(max-width:1275px){.elementor-366 .elementor-element.elementor-element-06bfba5{--gap:30px 30px;--row-gap:30px;--column-gap:30px;}.elementor-366 .elementor-element.elementor-element-85b1689 img{height:265px;}.elementor-widget-theme-post-title .elementor-heading-title{line-height:var( --e-global-typography-primary-line-height );}.elementor-366 .elementor-element.elementor-element-f46ef00 .elementor-heading-title{font-size:26px;}}@media(max-width:767px){.elementor-366 .elementor-element.elementor-element-06bfba5{--flex-direction:column;--container-widget-width:100%;--container-widget-height:initial;--container-widget-flex-grow:0;--container-widget-align-self:initial;--flex-wrap-mobile:wrap;--gap:0px 0px;--row-gap:0px;--column-gap:0px;}.elementor-366 .elementor-element.elementor-element-82c5ed4{--padding-top:20px;--padding-bottom:20px;--padding-left:20px;--padding-right:20px;}.elementor-widget-theme-post-title .elementor-heading-title{line-height:var( --e-global-typography-primary-line-height );}}<\/style>\t\t<div data-elementor-type=\"loop-item\" data-elementor-id=\"366\" class=\"elementor elementor-366 e-loop-item e-loop-item-1107 post-1107 news type-news status-publish has-post-thumbnail hentry\" data-elementor-post-type=\"elementor_library\" data-custom-edit-handle=\"1\">\n\t\t\t<div class=\"elementor-element elementor-element-06bfba5 e-flex e-con-boxed e-con e-parent\" data-id=\"06bfba5\" data-element_type=\"container\">\n\t\t\t\t\t<div class=\"e-con-inner\">\n\t\t<div class=\"elementor-element elementor-element-d3fcf6f e-flex e-con-boxed e-con e-child\" data-id=\"d3fcf6f\" data-element_type=\"container\">\n\t\t\t\t\t<div class=\"e-con-inner\">\n\t\t\t\t<div class=\"elementor-element elementor-element-85b1689 elementor-widget elementor-widget-theme-post-featured-image elementor-widget-image\" data-id=\"85b1689\" data-element_type=\"widget\" data-widget_type=\"theme-post-featured-image.default\">\n\t\t\t\t\t\t\t\t\t\t\t\t\t\t\t<img fetchpriority=\"high\" decoding=\"async\" width=\"768\" height=\"476\" src=\"https:\/\/aiatinternational.com\/czech-republic\/wp-content\/uploads\/2024\/03\/pozvanka1_A5_pd-768x476.jpg\" class=\"attachment-medium_large size-medium_large wp-image-1109\" alt=\"\" srcset=\"https:\/\/aiatinternational.com\/czech-republic\/wp-content\/uploads\/2024\/03\/pozvanka1_A5_pd-768x476.jpg 768w, https:\/\/aiatinternational.com\/czech-republic\/wp-content\/uploads\/2024\/03\/pozvanka1_A5_pd-300x186.jpg 300w, https:\/\/aiatinternational.com\/czech-republic\/wp-content\/uploads\/2024\/03\/pozvanka1_A5_pd-1024x635.jpg 1024w, https:\/\/aiatinternational.com\/czech-republic\/wp-content\/uploads\/2024\/03\/pozvanka1_A5_pd-1536x952.jpg 1536w, https:\/\/aiatinternational.com\/czech-republic\/wp-content\/uploads\/2024\/03\/pozvanka1_A5_pd.jpg 2000w\" sizes=\"(max-width: 768px) 100vw, 768px\" \/>\t\t\t\t\t\t\t\t\t\t\t\t\t\t\t<\/div>\n\t\t\t\t\t<\/div>\n\t\t\t\t<\/div>\n\t\t<div class=\"elementor-element elementor-element-82c5ed4 e-flex e-con-boxed e-con e-child\" data-id=\"82c5ed4\" data-element_type=\"container\">\n\t\t\t\t\t<div class=\"e-con-inner\">\n\t\t\t\t<div class=\"elementor-element elementor-element-f46ef00 elementor-widget elementor-widget-theme-post-title elementor-page-title elementor-widget-heading\" data-id=\"f46ef00\" data-element_type=\"widget\" data-widget_type=\"theme-post-title.default\">\n\t\t\t\t\t<h6 class=\"elementor-heading-title elementor-size-default\"><a href=\"http:\/\/Mezin\u00e1rodn\u00ed%20sout\u011b\u017e%20tradi\u010dn\u00edch%20z\u00e1p\u0159e\u017e\u00ed%20Krom\u011b\u0159\u00ed\u017e%2019.-%2021.9.%202025\">Mezin\u00e1rodn\u00ed sout\u011b\u017e tradi\u010dn\u00edch z\u00e1prah\u016f<\/a><\/h6>\t\t\t\t<\/div>\n\t\t\t\t<div class=\"elementor-element elementor-element-d40ec33 elementor-widget elementor-widget-text-editor\" data-id=\"d40ec33\" data-element_type=\"widget\" data-widget_type=\"text-editor.default\">\n\t\t\t\t\t\t\t\t\t4. ro\u010dn\u00edk mezin\u00e1rodn\u00edch z\u00e1vod\u016f CIAT Krom\u011b\u0159\u00ed\u017e\t\t\t\t\t\t\t\t<\/div>\n\t\t\t\t<div class=\"elementor-element elementor-element-e09157d elementor-mobile-align-left elementor-widget elementor-widget-button\" data-id=\"e09157d\" data-element_type=\"widget\" data-widget_type=\"button.default\">\n\t\t\t\t\t\t\t\t\t\t<a class=\"elementor-button elementor-button-link elementor-size-sm\" href=\"https:\/\/aiatinternational.com\/czech-republic\/news\/mezinarodni-soutez-tradicnich-zaprahu\/\">\n\t\t\t\t\t\t<span class=\"elementor-button-content-wrapper\">\n\t\t\t\t\t\t\t\t\t<span class=\"elementor-button-text\">\u010d\u00edst v\u00edce<\/span>\n\t\t\t\t\t<\/span>\n\t\t\t\t\t<\/a>\n\t\t\t\t\t\t\t\t<\/div>\n\t\t\t\t\t<\/div>\n\t\t\t\t<\/div>\n\t\t\t\t\t<\/div>\n\t\t\t\t<\/div>\n\t\t\t\t<\/div>\n\t\t\t\t<\/div>\n\t\t\n\t\t\t\t\t\t<\/div>\n\t\t\t\t<\/div>\n\t\t\t\t<div class=\"elementor-element elementor-element-fdfd56f elementor-widget-divider--view-line elementor-widget elementor-widget-divider\" data-id=\"fdfd56f\" data-element_type=\"widget\" data-widget_type=\"divider.default\">\n\t\t\t\t\t\t\t<div class=\"elementor-divider\">\n\t\t\t<span class=\"elementor-divider-separator\">\n\t\t\t\t\t\t<\/span>\n\t\t<\/div>\n\t\t\t\t\t\t<\/div>\n\t\t\t\t<div class=\"elementor-element elementor-element-a138f46 elementor-grid-2 elementor-grid-tablet-1 animated-fast elementor-grid-mobile-1 elementor-invisible elementor-widget elementor-widget-loop-grid\" data-id=\"a138f46\" data-element_type=\"widget\" data-settings=\"{&quot;template_id&quot;:272,&quot;columns&quot;:2,&quot;columns_tablet&quot;:1,&quot;row_gap&quot;:{&quot;unit&quot;:&quot;px&quot;,&quot;size&quot;:50,&quot;sizes&quot;:[]},&quot;_animation&quot;:&quot;zoomIn&quot;,&quot;pagination_type&quot;:&quot;load_more_infinite_scroll&quot;,&quot;_skin&quot;:&quot;post&quot;,&quot;columns_mobile&quot;:&quot;1&quot;,&quot;edit_handle_selector&quot;:&quot;[data-elementor-type=\\&quot;loop-item\\&quot;]&quot;,&quot;load_more_spinner&quot;:{&quot;value&quot;:&quot;fas fa-spinner&quot;,&quot;library&quot;:&quot;fa-solid&quot;},&quot;row_gap_tablet&quot;:{&quot;unit&quot;:&quot;px&quot;,&quot;size&quot;:&quot;&quot;,&quot;sizes&quot;:[]},&quot;row_gap_mobile&quot;:{&quot;unit&quot;:&quot;px&quot;,&quot;size&quot;:&quot;&quot;,&quot;sizes&quot;:[]}}\" data-widget_type=\"loop-grid.post\">\n\t\t\t\t<div class=\"elementor-widget-container\">\n\t\t\t\t\t\t\t<div class=\"e-loop-nothing-found-message\">\n\t\t<\/div>\n\t\t\t\t\t\t<\/div>\n\t\t\t\t<\/div>\n\t\t\t\t\t<\/div>\n\t\t\t\t<\/div>\n\t\t\t\t<\/div>\n\t\t","protected":false},"excerpt":{"rendered":"<p>Zpr\u00e1vy<\/p>\n","protected":false},"author":1,"featured_media":0,"parent":0,"menu_order":0,"comment_status":"closed","ping_status":"closed","template":"","meta":{"_exactmetrics_skip_tracking":false,"_exactmetrics_sitenote_active":false,"_exactmetrics_sitenote_note":"","_exactmetrics_sitenote_category":0,"footnotes":""},"class_list":["post-1041","page","type-page","status-publish","hentry"],"acf":[],"_links":{"self":[{"href":"https:\/\/aiatinternational.com\/czech-republic\/wp-json\/wp\/v2\/pages\/1041","targetHints":{"allow":["GET"]}}],"collection":[{"href":"https:\/\/aiatinternational.com\/czech-republic\/wp-json\/wp\/v2\/pages"}],"about":[{"href":"https:\/\/aiatinternational.com\/czech-republic\/wp-json\/wp\/v2\/types\/page"}],"author":[{"embeddable":true,"href":"https:\/\/aiatinternational.com\/czech-republic\/wp-json\/wp\/v2\/users\/1"}],"replies":[{"embeddable":true,"href":"https:\/\/aiatinternational.com\/czech-republic\/wp-json\/wp\/v2\/comments?post=1041"}],"version-history":[{"count":5,"href":"https:\/\/aiatinternational.com\/czech-republic\/wp-json\/wp\/v2\/pages\/1041\/revisions"}],"predecessor-version":[{"id":1113,"href":"https:\/\/aiatinternational.com\/czech-republic\/wp-json\/wp\/v2\/pages\/1041\/revisions\/1113"}],"wp:attachment":[{"href":"https:\/\/aiatinternational.com\/czech-republic\/wp-json\/wp\/v2\/media?parent=1041"}],"curies":[{"name":"wp","href":"https:\/\/api.w.org\/{rel}","templated":true}]}}