{"id":1015,"date":"2024-02-02T05:56:31","date_gmt":"2024-02-02T05:56:31","guid":{"rendered":"https:\/\/aiatinternational.com\/czech-republic\/?page_id=1015"},"modified":"2024-03-13T15:24:09","modified_gmt":"2024-03-13T15:24:09","slug":"kontakt","status":"publish","type":"page","link":"https:\/\/aiatinternational.com\/czech-republic\/kontakt\/","title":{"rendered":"Kontakt"},"content":{"rendered":"\t\t<div data-elementor-type=\"wp-page\" data-elementor-id=\"1015\" class=\"elementor elementor-1015\" data-elementor-post-type=\"page\">\n\t\t\t\t<div class=\"elementor-element elementor-element-a09358b e-flex e-con-boxed e-con e-parent\" data-id=\"a09358b\" data-element_type=\"container\">\n\t\t\t\t\t<div class=\"e-con-inner\">\n\t\t\t\t<div class=\"elementor-element elementor-element-ed3c87f animated-fast elementor-invisible elementor-widget elementor-widget-theme-post-title elementor-page-title elementor-widget-heading\" data-id=\"ed3c87f\" data-element_type=\"widget\" data-settings=\"{&quot;_animation&quot;:&quot;zoomIn&quot;}\" data-widget_type=\"theme-post-title.default\">\n\t\t\t\t\t<h1 class=\"elementor-heading-title elementor-size-default\">Kontakt<\/h1>\t\t\t\t<\/div>\n\t\t<div class=\"elementor-element elementor-element-126bc7b e-flex e-con-boxed e-con e-child\" data-id=\"126bc7b\" data-element_type=\"container\">\n\t\t\t\t\t<div class=\"e-con-inner\">\n\t\t<div class=\"elementor-element elementor-element-72bdb6e animated-fast e-con-full elementor-hidden-mobile e-flex elementor-invisible e-con e-child\" data-id=\"72bdb6e\" data-element_type=\"container\" data-settings=\"{&quot;animation&quot;:&quot;zoomIn&quot;}\">\n\t\t\t\t<div class=\"elementor-element elementor-element-1a23349 elementor-widget elementor-widget-image\" data-id=\"1a23349\" data-element_type=\"widget\" data-widget_type=\"image.default\">\n\t\t\t\t\t\t\t\t\t\t\t\t\t\t\t<img fetchpriority=\"high\" decoding=\"async\" width=\"660\" height=\"321\" src=\"https:\/\/aiatinternational.com\/czech-republic\/wp-content\/uploads\/2024\/02\/czech-republic-map.png\" class=\"attachment-full size-full wp-image-1067\" alt=\"\" srcset=\"https:\/\/aiatinternational.com\/czech-republic\/wp-content\/uploads\/2024\/02\/czech-republic-map.png 660w, https:\/\/aiatinternational.com\/czech-republic\/wp-content\/uploads\/2024\/02\/czech-republic-map-300x146.png 300w\" sizes=\"(max-width: 660px) 100vw, 660px\" \/>\t\t\t\t\t\t\t\t\t\t\t\t\t\t\t<\/div>\n\t\t\t\t<\/div>\n\t\t<div class=\"elementor-element elementor-element-248bb0b animated-fast e-flex e-con-boxed elementor-invisible e-con e-child\" data-id=\"248bb0b\" data-element_type=\"container\" data-settings=\"{&quot;animation&quot;:&quot;zoomIn&quot;}\">\n\t\t\t\t\t<div class=\"e-con-inner\">\n\t\t\t\t<div class=\"elementor-element elementor-element-6cf2117 elementor-widget elementor-widget-heading\" data-id=\"6cf2117\" data-element_type=\"widget\" data-widget_type=\"heading.default\">\n\t\t\t\t\t<h3 class=\"elementor-heading-title elementor-size-default\">Kontaktn\u00ed \u00fadaje:<\/h3>\t\t\t\t<\/div>\n\t\t\t\t<div class=\"elementor-element elementor-element-aa1be3e animated-fast elementor-invisible elementor-widget elementor-widget-text-editor\" data-id=\"aa1be3e\" data-element_type=\"widget\" data-settings=\"{&quot;_animation&quot;:&quot;zoomIn&quot;}\" data-widget_type=\"text-editor.default\">\n\t\t\t\t\t\t\t\t\t<p><strong>SPKZ \u010cR, z.\u00fa (AIAT CZ) <\/strong><br \/>Kladruby nad Labem \u010d.p.91,<br \/>533 14, Kladruby nad Labem, \u010cR<\/p><p><strong>Koresponden\u010dn\u00ed adresa<\/strong><br \/>SPKZ \u010cR, z.\u00fa. (AIAT CZ)<br \/>Za Stodolami 1453,<br \/>686 04, Kunovice, \u010cR<\/p>\t\t\t\t\t\t\t\t<\/div>\n\t\t<div class=\"elementor-element elementor-element-5b47872 animated-fast e-flex e-con-boxed elementor-invisible e-con e-child\" data-id=\"5b47872\" data-element_type=\"container\" data-settings=\"{&quot;animation&quot;:&quot;zoomIn&quot;}\">\n\t\t\t\t\t<div class=\"e-con-inner\">\n\t\t\t\t<div class=\"elementor-element elementor-element-70915db elementor-widget elementor-widget-image\" data-id=\"70915db\" data-element_type=\"widget\" data-widget_type=\"image.default\">\n\t\t\t\t\t\t\t\t\t\t\t\t\t\t\t<img decoding=\"async\" width=\"50\" height=\"36\" src=\"https:\/\/aiatinternational.com\/czech-republic\/wp-content\/uploads\/2024\/01\/icon_mail.png\" class=\"attachment-full size-full wp-image-389\" alt=\"\" \/>\t\t\t\t\t\t\t\t\t\t\t\t\t\t\t<\/div>\n\t\t\t\t<div class=\"elementor-element elementor-element-883eca4 elementor-widget elementor-widget-heading\" data-id=\"883eca4\" data-element_type=\"widget\" data-widget_type=\"heading.default\">\n\t\t\t\t\t<div class=\"elementor-heading-title elementor-size-default\"><a href=\"mailto:ciat.kromeriz@seznam.cz\">ciat.kromeriz@seznam.cz<\/a><\/div>\t\t\t\t<\/div>\n\t\t\t\t\t<\/div>\n\t\t\t\t<\/div>\n\t\t<div class=\"elementor-element elementor-element-a3a7db0 animated-fast e-flex e-con-boxed elementor-invisible e-con e-child\" data-id=\"a3a7db0\" data-element_type=\"container\" data-settings=\"{&quot;animation&quot;:&quot;zoomIn&quot;}\">\n\t\t\t\t\t<div class=\"e-con-inner\">\n\t\t\t\t<div class=\"elementor-element elementor-element-b04aeae elementor-widget elementor-widget-heading\" data-id=\"b04aeae\" data-element_type=\"widget\" data-widget_type=\"heading.default\">\n\t\t\t\t\t<div class=\"elementor-heading-title elementor-size-default\">Lenka Gotthardov\u00e1<\/div>\t\t\t\t<\/div>\n\t\t\t\t<div class=\"elementor-element elementor-element-a4cd6d5 elementor-hidden-mobile elementor-widget elementor-widget-heading\" data-id=\"a4cd6d5\" data-element_type=\"widget\" data-widget_type=\"heading.default\">\n\t\t\t\t\t<div class=\"elementor-heading-title elementor-size-default\">I<\/div>\t\t\t\t<\/div>\n\t\t\t\t<div class=\"elementor-element elementor-element-7672ead elementor-widget elementor-widget-image\" data-id=\"7672ead\" data-element_type=\"widget\" data-widget_type=\"image.default\">\n\t\t\t\t\t\t\t\t\t\t\t\t\t\t\t<img decoding=\"async\" width=\"50\" height=\"50\" src=\"https:\/\/aiatinternational.com\/czech-republic\/wp-content\/uploads\/2024\/02\/icon_phone.png\" class=\"attachment-full size-full wp-image-1075\" alt=\"\" \/>\t\t\t\t\t\t\t\t\t\t\t\t\t\t\t<\/div>\n\t\t\t\t<div class=\"elementor-element elementor-element-4403e55 elementor-widget elementor-widget-heading\" data-id=\"4403e55\" data-element_type=\"widget\" data-widget_type=\"heading.default\">\n\t\t\t\t\t<div class=\"elementor-heading-title elementor-size-default\"><a href=\"mailto:+420603269705\">+420 603 269 705<\/a><\/div>\t\t\t\t<\/div>\n\t\t\t\t\t<\/div>\n\t\t\t\t<\/div>\n\t\t<div class=\"elementor-element elementor-element-b469a93 animated-fast e-flex e-con-boxed elementor-invisible e-con e-child\" data-id=\"b469a93\" data-element_type=\"container\" data-settings=\"{&quot;animation&quot;:&quot;zoomIn&quot;}\">\n\t\t\t\t\t<div class=\"e-con-inner\">\n\t\t\t\t<div class=\"elementor-element elementor-element-d71ef5c elementor-widget elementor-widget-heading\" data-id=\"d71ef5c\" data-element_type=\"widget\" data-widget_type=\"heading.default\">\n\t\t\t\t\t<div class=\"elementor-heading-title elementor-size-default\">Milan Nov\u00e1k <\/div>\t\t\t\t<\/div>\n\t\t\t\t<div class=\"elementor-element elementor-element-c7727c3 elementor-hidden-mobile elementor-widget elementor-widget-heading\" data-id=\"c7727c3\" data-element_type=\"widget\" data-widget_type=\"heading.default\">\n\t\t\t\t\t<div class=\"elementor-heading-title elementor-size-default\">I<\/div>\t\t\t\t<\/div>\n\t\t\t\t<div class=\"elementor-element elementor-element-dc2e5dd elementor-widget elementor-widget-image\" data-id=\"dc2e5dd\" data-element_type=\"widget\" data-widget_type=\"image.default\">\n\t\t\t\t\t\t\t\t\t\t\t\t\t\t\t<img decoding=\"async\" width=\"50\" height=\"50\" src=\"https:\/\/aiatinternational.com\/czech-republic\/wp-content\/uploads\/2024\/02\/icon_phone.png\" class=\"attachment-full size-full wp-image-1075\" alt=\"\" \/>\t\t\t\t\t\t\t\t\t\t\t\t\t\t\t<\/div>\n\t\t\t\t<div class=\"elementor-element elementor-element-299b32c elementor-widget elementor-widget-heading\" data-id=\"299b32c\" data-element_type=\"widget\" data-widget_type=\"heading.default\">\n\t\t\t\t\t<div class=\"elementor-heading-title elementor-size-default\"><a href=\"mailto:+420737777978\">+420 737 777 978<\/a><\/div>\t\t\t\t<\/div>\n\t\t\t\t\t<\/div>\n\t\t\t\t<\/div>\n\t\t<div class=\"elementor-element elementor-element-7370be1 animated-fast e-flex e-con-boxed elementor-invisible e-con e-child\" data-id=\"7370be1\" data-element_type=\"container\" data-settings=\"{&quot;animation&quot;:&quot;zoomIn&quot;}\">\n\t\t\t\t\t<div class=\"e-con-inner\">\n\t\t\t\t<div class=\"elementor-element elementor-element-3a06a3b elementor-widget elementor-widget-heading\" data-id=\"3a06a3b\" data-element_type=\"widget\" data-widget_type=\"heading.default\">\n\t\t\t\t\t<div class=\"elementor-heading-title elementor-size-default\">Ji\u0159\u00ed Hlad\u00edk <\/div>\t\t\t\t<\/div>\n\t\t\t\t<div class=\"elementor-element elementor-element-cd43091 elementor-hidden-mobile elementor-widget elementor-widget-heading\" data-id=\"cd43091\" data-element_type=\"widget\" data-widget_type=\"heading.default\">\n\t\t\t\t\t<div class=\"elementor-heading-title elementor-size-default\">I<\/div>\t\t\t\t<\/div>\n\t\t\t\t<div class=\"elementor-element elementor-element-3a37b71 elementor-widget elementor-widget-image\" data-id=\"3a37b71\" data-element_type=\"widget\" data-widget_type=\"image.default\">\n\t\t\t\t\t\t\t\t\t\t\t\t\t\t\t<img decoding=\"async\" width=\"50\" height=\"50\" src=\"https:\/\/aiatinternational.com\/czech-republic\/wp-content\/uploads\/2024\/02\/icon_phone.png\" class=\"attachment-full size-full wp-image-1075\" alt=\"\" \/>\t\t\t\t\t\t\t\t\t\t\t\t\t\t\t<\/div>\n\t\t\t\t<div class=\"elementor-element elementor-element-dc41491 elementor-widget elementor-widget-heading\" data-id=\"dc41491\" data-element_type=\"widget\" data-widget_type=\"heading.default\">\n\t\t\t\t\t<div class=\"elementor-heading-title elementor-size-default\"><a href=\"mailto:+420731150602\">+420 731 150 602<\/a><\/div>\t\t\t\t<\/div>\n\t\t\t\t\t<\/div>\n\t\t\t\t<\/div>\n\t\t<div class=\"elementor-element elementor-element-a92984f animated-fast e-flex e-con-boxed elementor-invisible e-con e-child\" data-id=\"a92984f\" data-element_type=\"container\" data-settings=\"{&quot;animation&quot;:&quot;zoomIn&quot;}\">\n\t\t\t\t\t<div class=\"e-con-inner\">\n\t\t\t\t<div class=\"elementor-element elementor-element-48e3738 elementor-widget elementor-widget-heading\" data-id=\"48e3738\" data-element_type=\"widget\" data-widget_type=\"heading.default\">\n\t\t\t\t\t<div class=\"elementor-heading-title elementor-size-default\">David Olejn\u00ed\u010dek <\/div>\t\t\t\t<\/div>\n\t\t\t\t<div class=\"elementor-element elementor-element-1a0fda6 elementor-hidden-mobile elementor-widget elementor-widget-heading\" data-id=\"1a0fda6\" data-element_type=\"widget\" data-widget_type=\"heading.default\">\n\t\t\t\t\t<div class=\"elementor-heading-title elementor-size-default\">I<\/div>\t\t\t\t<\/div>\n\t\t\t\t<div class=\"elementor-element elementor-element-feb85b5 elementor-widget elementor-widget-image\" data-id=\"feb85b5\" data-element_type=\"widget\" data-widget_type=\"image.default\">\n\t\t\t\t\t\t\t\t\t\t\t\t\t\t\t<img decoding=\"async\" width=\"50\" height=\"50\" src=\"https:\/\/aiatinternational.com\/czech-republic\/wp-content\/uploads\/2024\/02\/icon_phone.png\" class=\"attachment-full size-full wp-image-1075\" alt=\"\" \/>\t\t\t\t\t\t\t\t\t\t\t\t\t\t\t<\/div>\n\t\t\t\t<div class=\"elementor-element elementor-element-9912c53 elementor-widget elementor-widget-heading\" data-id=\"9912c53\" data-element_type=\"widget\" data-widget_type=\"heading.default\">\n\t\t\t\t\t<div class=\"elementor-heading-title elementor-size-default\"><a href=\"mailto:+420601570303\">+420 601 570 303<\/a><\/div>\t\t\t\t<\/div>\n\t\t\t\t<div class=\"elementor-element elementor-element-f01272a elementor-hidden-mobile elementor-widget elementor-widget-heading\" data-id=\"f01272a\" data-element_type=\"widget\" data-widget_type=\"heading.default\">\n\t\t\t\t\t<div class=\"elementor-heading-title elementor-size-default\">I<\/div>\t\t\t\t<\/div>\n\t\t\t\t<div class=\"elementor-element elementor-element-86837a2 elementor-widget elementor-widget-image\" data-id=\"86837a2\" data-element_type=\"widget\" data-widget_type=\"image.default\">\n\t\t\t\t\t\t\t\t\t\t\t\t\t\t\t<img loading=\"lazy\" decoding=\"async\" width=\"50\" height=\"36\" src=\"https:\/\/aiatinternational.com\/czech-republic\/wp-content\/uploads\/2024\/02\/icon_mail.png\" class=\"attachment-full size-full wp-image-1071\" alt=\"\" \/>\t\t\t\t\t\t\t\t\t\t\t\t\t\t\t<\/div>\n\t\t\t\t<div class=\"elementor-element elementor-element-e44a397 elementor-widget elementor-widget-heading\" data-id=\"e44a397\" data-element_type=\"widget\" data-widget_type=\"heading.default\">\n\t\t\t\t\t<div class=\"elementor-heading-title elementor-size-default\"><a href=\"mailto:d.olejnicek1@seznam.cz\">d.olejnicek1@seznam.cz<\/a><\/div>\t\t\t\t<\/div>\n\t\t\t\t\t<\/div>\n\t\t\t\t<\/div>\n\t\t\t\t<div class=\"elementor-element elementor-element-81a67dd elementor-widget elementor-widget-heading\" data-id=\"81a67dd\" data-element_type=\"widget\" data-widget_type=\"heading.default\">\n\t\t\t\t\t<h3 class=\"elementor-heading-title elementor-size-default\">Jm\u00e9na spr\u00e1vn\u00ed rady:<\/h3>\t\t\t\t<\/div>\n\t\t\t\t<div class=\"elementor-element elementor-element-66e28b0 animated-fast elementor-invisible elementor-widget elementor-widget-text-editor\" data-id=\"66e28b0\" data-element_type=\"widget\" data-settings=\"{&quot;_animation&quot;:&quot;zoomIn&quot;}\" data-widget_type=\"text-editor.default\">\n\t\t\t\t\t\t\t\t\t<p>David Olejn\u00ed\u010dek<br \/>Lenka Gotthardov\u00e1<br \/>Milan Nov\u00e1k<br \/>Ji\u0159\u00ed Hlad\u00edk<br \/>Josef I\u0161<\/p>\t\t\t\t\t\t\t\t<\/div>\n\t\t\t\t<div class=\"elementor-element elementor-element-869bd8b elementor-mobile-align-left elementor-widget elementor-widget-button\" data-id=\"869bd8b\" data-element_type=\"widget\" data-widget_type=\"button.default\">\n\t\t\t\t\t\t\t\t\t\t<a class=\"elementor-button elementor-button-link elementor-size-lg\" href=\"https:\/\/www.facebook.com\/profile.php?id=100046448561768\" target=\"_blank\">\n\t\t\t\t\t\t<span class=\"elementor-button-content-wrapper\">\n\t\t\t\t\t\t<span class=\"elementor-button-icon\">\n\t\t\t\t<svg aria-hidden=\"true\" class=\"e-font-icon-svg e-fab-facebook-f\" viewBox=\"0 0 320 512\" xmlns=\"http:\/\/www.w3.org\/2000\/svg\"><path d=\"M279.14 288l14.22-92.66h-88.91v-60.13c0-25.35 12.42-50.06 52.24-50.06h40.42V6.26S260.43 0 225.36 0c-73.22 0-121.08 44.38-121.08 124.72v70.62H22.89V288h81.39v224h100.17V288z\"><\/path><\/svg>\t\t\t<\/span>\n\t\t\t\t\t\t\t\t\t<span class=\"elementor-button-text\">Sledujte n\u00e1s na Facebook<\/span>\n\t\t\t\t\t<\/span>\n\t\t\t\t\t<\/a>\n\t\t\t\t\t\t\t\t<\/div>\n\t\t\t\t\t<\/div>\n\t\t\t\t<\/div>\n\t\t\t\t\t<\/div>\n\t\t\t\t<\/div>\n\t\t\t\t\t<\/div>\n\t\t\t\t<\/div>\n\t\t\t\t<\/div>\n\t\t","protected":false},"excerpt":{"rendered":"<p>Kontaktn\u00ed \u00fadaje: SPKZ \u010cR, z.\u00fa (AIAT CZ) Kladruby nad Labem \u010d.p.91,533 14, Kladruby nad Labem, \u010cR Koresponden\u010dn\u00ed adresaSPKZ \u010cR, z.\u00fa. (AIAT CZ)Za Stodolami 1453,686 04, Kunovice, \u010cR ciat.kromeriz@seznam.cz Lenka Gotthardov\u00e1 I +420 603 269 705 Milan Nov\u00e1k I +420 737 777 978 Ji\u0159\u00ed Hlad\u00edk I +420 731 150 602 David Olejn\u00ed\u010dek I +420 601 570 [&hellip;]<\/p>\n","protected":false},"author":1,"featured_media":0,"parent":0,"menu_order":0,"comment_status":"closed","ping_status":"closed","template":"","meta":{"_exactmetrics_skip_tracking":false,"_exactmetrics_sitenote_active":false,"_exactmetrics_sitenote_note":"","_exactmetrics_sitenote_category":0,"footnotes":""},"class_list":["post-1015","page","type-page","status-publish","hentry"],"acf":[],"_links":{"self":[{"href":"https:\/\/aiatinternational.com\/czech-republic\/wp-json\/wp\/v2\/pages\/1015","targetHints":{"allow":["GET"]}}],"collection":[{"href":"https:\/\/aiatinternational.com\/czech-republic\/wp-json\/wp\/v2\/pages"}],"about":[{"href":"https:\/\/aiatinternational.com\/czech-republic\/wp-json\/wp\/v2\/types\/page"}],"author":[{"embeddable":true,"href":"https:\/\/aiatinternational.com\/czech-republic\/wp-json\/wp\/v2\/users\/1"}],"replies":[{"embeddable":true,"href":"https:\/\/aiatinternational.com\/czech-republic\/wp-json\/wp\/v2\/comments?post=1015"}],"version-history":[{"count":5,"href":"https:\/\/aiatinternational.com\/czech-republic\/wp-json\/wp\/v2\/pages\/1015\/revisions"}],"predecessor-version":[{"id":1119,"href":"https:\/\/aiatinternational.com\/czech-republic\/wp-json\/wp\/v2\/pages\/1015\/revisions\/1119"}],"wp:attachment":[{"href":"https:\/\/aiatinternational.com\/czech-republic\/wp-json\/wp\/v2\/media?parent=1015"}],"curies":[{"name":"wp","href":"https:\/\/api.w.org\/{rel}","templated":true}]}}