{"id":1015,"date":"2024-02-02T05:56:31","date_gmt":"2024-02-02T05:56:31","guid":{"rendered":"https:\/\/aiatinternational.com\/chile\/?page_id=1015"},"modified":"2024-02-25T09:54:49","modified_gmt":"2024-02-25T09:54:49","slug":"contacto","status":"publish","type":"page","link":"https:\/\/aiatinternational.com\/chile\/contacto\/","title":{"rendered":"Contacto"},"content":{"rendered":"\t\t<div data-elementor-type=\"wp-page\" data-elementor-id=\"1015\" class=\"elementor elementor-1015\" data-elementor-post-type=\"page\">\n\t\t\t\t<div class=\"elementor-element elementor-element-a09358b e-flex e-con-boxed e-con e-parent\" data-id=\"a09358b\" data-element_type=\"container\">\n\t\t\t\t\t<div class=\"e-con-inner\">\n\t\t\t\t<div class=\"elementor-element elementor-element-ed3c87f animated-fast elementor-invisible elementor-widget elementor-widget-theme-post-title elementor-page-title elementor-widget-heading\" data-id=\"ed3c87f\" data-element_type=\"widget\" data-settings=\"{&quot;_animation&quot;:&quot;zoomIn&quot;}\" data-widget_type=\"theme-post-title.default\">\n\t\t\t\t\t<h1 class=\"elementor-heading-title elementor-size-default\">Contacto<\/h1>\t\t\t\t<\/div>\n\t\t<div class=\"elementor-element elementor-element-126bc7b e-flex e-con-boxed e-con e-child\" data-id=\"126bc7b\" data-element_type=\"container\">\n\t\t\t\t\t<div class=\"e-con-inner\">\n\t\t<div class=\"elementor-element elementor-element-72bdb6e animated-fast e-con-full elementor-hidden-mobile e-flex elementor-invisible e-con e-child\" data-id=\"72bdb6e\" data-element_type=\"container\" data-settings=\"{&quot;animation&quot;:&quot;zoomIn&quot;}\">\n\t\t\t\t<div class=\"elementor-element elementor-element-1a23349 elementor-widget elementor-widget-image\" data-id=\"1a23349\" data-element_type=\"widget\" data-widget_type=\"image.default\">\n\t\t\t\t\t\t\t\t\t\t\t\t\t\t\t<img fetchpriority=\"high\" decoding=\"async\" width=\"323\" height=\"1035\" src=\"https:\/\/aiatinternational.com\/chile\/wp-content\/uploads\/2024\/02\/chile-map.png\" class=\"attachment-full size-full wp-image-1066\" alt=\"\" srcset=\"https:\/\/aiatinternational.com\/chile\/wp-content\/uploads\/2024\/02\/chile-map.png 323w, https:\/\/aiatinternational.com\/chile\/wp-content\/uploads\/2024\/02\/chile-map-94x300.png 94w, https:\/\/aiatinternational.com\/chile\/wp-content\/uploads\/2024\/02\/chile-map-320x1024.png 320w\" sizes=\"(max-width: 323px) 100vw, 323px\" \/>\t\t\t\t\t\t\t\t\t\t\t\t\t\t\t<\/div>\n\t\t\t\t<\/div>\n\t\t<div class=\"elementor-element elementor-element-248bb0b animated-fast e-flex e-con-boxed elementor-invisible e-con e-child\" data-id=\"248bb0b\" data-element_type=\"container\" data-settings=\"{&quot;animation&quot;:&quot;zoomIn&quot;}\">\n\t\t\t\t\t<div class=\"e-con-inner\">\n\t\t\t\t<div class=\"elementor-element elementor-element-6cf2117 elementor-widget elementor-widget-heading\" data-id=\"6cf2117\" data-element_type=\"widget\" data-widget_type=\"heading.default\">\n\t\t\t\t\t<h3 class=\"elementor-heading-title elementor-size-default\">Detalles de contacto:<\/h3>\t\t\t\t<\/div>\n\t\t<div class=\"elementor-element elementor-element-5b47872 animated-fast e-flex e-con-boxed elementor-invisible e-con e-child\" data-id=\"5b47872\" data-element_type=\"container\" data-settings=\"{&quot;animation&quot;:&quot;zoomIn&quot;}\">\n\t\t\t\t\t<div class=\"e-con-inner\">\n\t\t\t\t<div class=\"elementor-element elementor-element-70915db elementor-widget elementor-widget-image\" data-id=\"70915db\" data-element_type=\"widget\" data-widget_type=\"image.default\">\n\t\t\t\t\t\t\t\t\t\t\t\t\t\t\t<img decoding=\"async\" width=\"50\" height=\"50\" src=\"https:\/\/aiatinternational.com\/chile\/wp-content\/uploads\/2024\/02\/icon_phone.png\" class=\"attachment-full size-full wp-image-1067\" alt=\"\" \/>\t\t\t\t\t\t\t\t\t\t\t\t\t\t\t<\/div>\n\t\t\t\t<div class=\"elementor-element elementor-element-883eca4 elementor-widget elementor-widget-heading\" data-id=\"883eca4\" data-element_type=\"widget\" data-widget_type=\"heading.default\">\n\t\t\t\t\t<div class=\"elementor-heading-title elementor-size-default\"><a href=\"tel:+5698219056\">+56 982 190 56<\/a><\/div>\t\t\t\t<\/div>\n\t\t\t\t\t<\/div>\n\t\t\t\t<\/div>\n\t\t<div class=\"elementor-element elementor-element-9fb4e27 animated-fast e-flex e-con-boxed elementor-invisible e-con e-child\" data-id=\"9fb4e27\" data-element_type=\"container\" data-settings=\"{&quot;animation&quot;:&quot;zoomIn&quot;}\">\n\t\t\t\t\t<div class=\"e-con-inner\">\n\t\t\t\t<div class=\"elementor-element elementor-element-3ff8da1 elementor-widget elementor-widget-image\" data-id=\"3ff8da1\" data-element_type=\"widget\" data-widget_type=\"image.default\">\n\t\t\t\t\t\t\t\t\t\t\t\t\t\t\t<img decoding=\"async\" width=\"50\" height=\"36\" src=\"https:\/\/aiatinternational.com\/chile\/wp-content\/uploads\/2024\/01\/icon_mail.png\" class=\"attachment-full size-full wp-image-389\" alt=\"\" \/>\t\t\t\t\t\t\t\t\t\t\t\t\t\t\t<\/div>\n\t\t\t\t<div class=\"elementor-element elementor-element-e5c495f elementor-widget elementor-widget-heading\" data-id=\"e5c495f\" data-element_type=\"widget\" data-widget_type=\"heading.default\">\n\t\t\t\t\t<div class=\"elementor-heading-title elementor-size-default\"><a href=\"mailto:jmguzman@locampino.cl\">jmguzman@locampino.cl<\/a><\/div>\t\t\t\t<\/div>\n\t\t\t\t\t<\/div>\n\t\t\t\t<\/div>\n\t\t\t\t<div class=\"elementor-element elementor-element-81a67dd elementor-widget elementor-widget-heading\" data-id=\"81a67dd\" data-element_type=\"widget\" data-widget_type=\"heading.default\">\n\t\t\t\t\t<h3 class=\"elementor-heading-title elementor-size-default\">Membres de l\u2019\u00e9quipe de direction:<\/h3>\t\t\t\t<\/div>\n\t\t<div class=\"elementor-element elementor-element-d21d232 animated-fast e-flex e-con-boxed elementor-invisible e-con e-child\" data-id=\"d21d232\" data-element_type=\"container\" data-settings=\"{&quot;animation&quot;:&quot;zoomIn&quot;}\">\n\t\t\t\t\t<div class=\"e-con-inner\">\n\t\t\t\t<div class=\"elementor-element elementor-element-301702b elementor-widget elementor-widget-heading\" data-id=\"301702b\" data-element_type=\"widget\" data-widget_type=\"heading.default\">\n\t\t\t\t\t<div class=\"elementor-heading-title elementor-size-default\">Jose Miguel Guzman Lyon<\/div>\t\t\t\t<\/div>\n\t\t\t\t<div class=\"elementor-element elementor-element-708974b elementor-hidden-mobile elementor-widget elementor-widget-heading\" data-id=\"708974b\" data-element_type=\"widget\" data-widget_type=\"heading.default\">\n\t\t\t\t\t<div class=\"elementor-heading-title elementor-size-default\">I<\/div>\t\t\t\t<\/div>\n\t\t\t\t<div class=\"elementor-element elementor-element-0f3b793 elementor-widget elementor-widget-image\" data-id=\"0f3b793\" data-element_type=\"widget\" data-widget_type=\"image.default\">\n\t\t\t\t\t\t\t\t\t\t\t\t\t\t\t<img decoding=\"async\" width=\"50\" height=\"36\" src=\"https:\/\/aiatinternational.com\/chile\/wp-content\/uploads\/2024\/01\/icon_mail.png\" class=\"attachment-full size-full wp-image-389\" alt=\"\" \/>\t\t\t\t\t\t\t\t\t\t\t\t\t\t\t<\/div>\n\t\t\t\t<div class=\"elementor-element elementor-element-01eab74 elementor-widget elementor-widget-heading\" data-id=\"01eab74\" data-element_type=\"widget\" data-widget_type=\"heading.default\">\n\t\t\t\t\t<div class=\"elementor-heading-title elementor-size-default\"><a href=\"mailto:jmguzman@locampino.cl\">jmguzman@locampino.cl<\/a><\/div>\t\t\t\t<\/div>\n\t\t\t\t\t<\/div>\n\t\t\t\t<\/div>\n\t\t<div class=\"elementor-element elementor-element-f2c7a04 animated-fast e-flex e-con-boxed elementor-invisible e-con e-child\" data-id=\"f2c7a04\" data-element_type=\"container\" data-settings=\"{&quot;animation&quot;:&quot;zoomIn&quot;}\">\n\t\t\t\t\t<div class=\"e-con-inner\">\n\t\t\t\t<div class=\"elementor-element elementor-element-c1d4c1e elementor-widget elementor-widget-heading\" data-id=\"c1d4c1e\" data-element_type=\"widget\" data-widget_type=\"heading.default\">\n\t\t\t\t\t<div class=\"elementor-heading-title elementor-size-default\">Grete Ruber Aubel<\/div>\t\t\t\t<\/div>\n\t\t\t\t<div class=\"elementor-element elementor-element-b277586 elementor-hidden-mobile elementor-widget elementor-widget-heading\" data-id=\"b277586\" data-element_type=\"widget\" data-widget_type=\"heading.default\">\n\t\t\t\t\t<div class=\"elementor-heading-title elementor-size-default\">I<\/div>\t\t\t\t<\/div>\n\t\t\t\t<div class=\"elementor-element elementor-element-d88dd90 elementor-widget elementor-widget-image\" data-id=\"d88dd90\" data-element_type=\"widget\" data-widget_type=\"image.default\">\n\t\t\t\t\t\t\t\t\t\t\t\t\t\t\t<img decoding=\"async\" width=\"50\" height=\"36\" src=\"https:\/\/aiatinternational.com\/chile\/wp-content\/uploads\/2024\/01\/icon_mail.png\" class=\"attachment-full size-full wp-image-389\" alt=\"\" \/>\t\t\t\t\t\t\t\t\t\t\t\t\t\t\t<\/div>\n\t\t\t\t<div class=\"elementor-element elementor-element-f589920 elementor-widget elementor-widget-heading\" data-id=\"f589920\" data-element_type=\"widget\" data-widget_type=\"heading.default\">\n\t\t\t\t\t<div class=\"elementor-heading-title elementor-size-default\"><a href=\"mailto:greteruber@gmail.com\">greteruber@gmail.com<\/a><\/div>\t\t\t\t<\/div>\n\t\t\t\t\t<\/div>\n\t\t\t\t<\/div>\n\t\t<div class=\"elementor-element elementor-element-cab6b31 animated-fast e-flex e-con-boxed elementor-invisible e-con e-child\" data-id=\"cab6b31\" data-element_type=\"container\" data-settings=\"{&quot;animation&quot;:&quot;zoomIn&quot;}\">\n\t\t\t\t\t<div class=\"e-con-inner\">\n\t\t\t\t<div class=\"elementor-element elementor-element-19d433d elementor-widget elementor-widget-heading\" data-id=\"19d433d\" data-element_type=\"widget\" data-widget_type=\"heading.default\">\n\t\t\t\t\t<div class=\"elementor-heading-title elementor-size-default\">Jorge Gutierrez Pubill<\/div>\t\t\t\t<\/div>\n\t\t\t\t<div class=\"elementor-element elementor-element-b45bca9 elementor-hidden-mobile elementor-widget elementor-widget-heading\" data-id=\"b45bca9\" data-element_type=\"widget\" data-widget_type=\"heading.default\">\n\t\t\t\t\t<div class=\"elementor-heading-title elementor-size-default\">I<\/div>\t\t\t\t<\/div>\n\t\t\t\t<div class=\"elementor-element elementor-element-a527f85 elementor-widget elementor-widget-image\" data-id=\"a527f85\" data-element_type=\"widget\" data-widget_type=\"image.default\">\n\t\t\t\t\t\t\t\t\t\t\t\t\t\t\t<img decoding=\"async\" width=\"50\" height=\"36\" src=\"https:\/\/aiatinternational.com\/chile\/wp-content\/uploads\/2024\/01\/icon_mail.png\" class=\"attachment-full size-full wp-image-389\" alt=\"\" \/>\t\t\t\t\t\t\t\t\t\t\t\t\t\t\t<\/div>\n\t\t\t\t<div class=\"elementor-element elementor-element-3d08209 elementor-widget elementor-widget-heading\" data-id=\"3d08209\" data-element_type=\"widget\" data-widget_type=\"heading.default\">\n\t\t\t\t\t<div class=\"elementor-heading-title elementor-size-default\"><a href=\"mailto:jgutierrez@stars.cl\">jgutierrez@stars.cl<\/a><\/div>\t\t\t\t<\/div>\n\t\t\t\t\t<\/div>\n\t\t\t\t<\/div>\n\t\t\t\t<div class=\"elementor-element elementor-element-d3a8c5c elementor-widget elementor-widget-heading\" data-id=\"d3a8c5c\" data-element_type=\"widget\" data-widget_type=\"heading.default\">\n\t\t\t\t\t<div class=\"elementor-heading-title elementor-size-default\">Personne propos\u00e9e pour l\u2019administration<\/div>\t\t\t\t<\/div>\n\t\t<div class=\"elementor-element elementor-element-7ed56af animated-fast e-flex e-con-boxed elementor-invisible e-con e-child\" data-id=\"7ed56af\" data-element_type=\"container\" data-settings=\"{&quot;animation&quot;:&quot;zoomIn&quot;}\">\n\t\t\t\t\t<div class=\"e-con-inner\">\n\t\t\t\t<div class=\"elementor-element elementor-element-8adb7a2 elementor-widget elementor-widget-heading\" data-id=\"8adb7a2\" data-element_type=\"widget\" data-widget_type=\"heading.default\">\n\t\t\t\t\t<div class=\"elementor-heading-title elementor-size-default\">Isabel Margarita Roa Marin<\/div>\t\t\t\t<\/div>\n\t\t\t\t<div class=\"elementor-element elementor-element-8894b76 elementor-hidden-mobile elementor-widget elementor-widget-heading\" data-id=\"8894b76\" data-element_type=\"widget\" data-widget_type=\"heading.default\">\n\t\t\t\t\t<div class=\"elementor-heading-title elementor-size-default\">I<\/div>\t\t\t\t<\/div>\n\t\t\t\t<div class=\"elementor-element elementor-element-f900453 elementor-widget elementor-widget-image\" data-id=\"f900453\" data-element_type=\"widget\" data-widget_type=\"image.default\">\n\t\t\t\t\t\t\t\t\t\t\t\t\t\t\t<img decoding=\"async\" width=\"50\" height=\"36\" src=\"https:\/\/aiatinternational.com\/chile\/wp-content\/uploads\/2024\/01\/icon_mail.png\" class=\"attachment-full size-full wp-image-389\" alt=\"\" \/>\t\t\t\t\t\t\t\t\t\t\t\t\t\t\t<\/div>\n\t\t\t\t<div class=\"elementor-element elementor-element-2bb7376 elementor-widget elementor-widget-heading\" data-id=\"2bb7376\" data-element_type=\"widget\" data-widget_type=\"heading.default\">\n\t\t\t\t\t<div class=\"elementor-heading-title elementor-size-default\"><a href=\"mailto:isabelroamarin@gmail.com\">isabelroamarin@gmail.com<\/a><\/div>\t\t\t\t<\/div>\n\t\t\t\t\t<\/div>\n\t\t\t\t<\/div>\n\t\t\t\t<div class=\"elementor-element elementor-element-9641313 elementor-widget elementor-widget-heading\" data-id=\"9641313\" data-element_type=\"widget\" data-widget_type=\"heading.default\">\n\t\t\t\t\t<div class=\"elementor-heading-title elementor-size-default\">Liste des personnes souhaitant se former en tant que juges ou d\u00e9l\u00e9gu\u00e9s techniques:\n<\/div>\t\t\t\t<\/div>\n\t\t<div class=\"elementor-element elementor-element-8b65fd4 animated-fast e-flex e-con-boxed elementor-invisible e-con e-child\" data-id=\"8b65fd4\" data-element_type=\"container\" data-settings=\"{&quot;animation&quot;:&quot;zoomIn&quot;}\">\n\t\t\t\t\t<div class=\"e-con-inner\">\n\t\t\t\t<div class=\"elementor-element elementor-element-85b9f8c elementor-widget elementor-widget-heading\" data-id=\"85b9f8c\" data-element_type=\"widget\" data-widget_type=\"heading.default\">\n\t\t\t\t\t<div class=\"elementor-heading-title elementor-size-default\">Grete Rubber <\/div>\t\t\t\t<\/div>\n\t\t\t\t<div class=\"elementor-element elementor-element-58d3751 elementor-hidden-mobile elementor-widget elementor-widget-heading\" data-id=\"58d3751\" data-element_type=\"widget\" data-widget_type=\"heading.default\">\n\t\t\t\t\t<div class=\"elementor-heading-title elementor-size-default\">I<\/div>\t\t\t\t<\/div>\n\t\t\t\t<div class=\"elementor-element elementor-element-ad07000 elementor-widget elementor-widget-image\" data-id=\"ad07000\" data-element_type=\"widget\" data-widget_type=\"image.default\">\n\t\t\t\t\t\t\t\t\t\t\t\t\t\t\t<img decoding=\"async\" width=\"50\" height=\"36\" src=\"https:\/\/aiatinternational.com\/chile\/wp-content\/uploads\/2024\/01\/icon_mail.png\" class=\"attachment-full size-full wp-image-389\" alt=\"\" \/>\t\t\t\t\t\t\t\t\t\t\t\t\t\t\t<\/div>\n\t\t\t\t<div class=\"elementor-element elementor-element-cde2f20 elementor-widget elementor-widget-heading\" data-id=\"cde2f20\" data-element_type=\"widget\" data-widget_type=\"heading.default\">\n\t\t\t\t\t<div class=\"elementor-heading-title elementor-size-default\"><a href=\"mailto:greteruber@gmail.com\">greteruber@gmail.com<\/a><\/div>\t\t\t\t<\/div>\n\t\t\t\t\t<\/div>\n\t\t\t\t<\/div>\n\t\t<div class=\"elementor-element elementor-element-3b396bb animated-fast e-flex e-con-boxed elementor-invisible e-con e-child\" data-id=\"3b396bb\" data-element_type=\"container\" data-settings=\"{&quot;animation&quot;:&quot;zoomIn&quot;}\">\n\t\t\t\t\t<div class=\"e-con-inner\">\n\t\t\t\t<div class=\"elementor-element elementor-element-ce05520 elementor-widget elementor-widget-heading\" data-id=\"ce05520\" data-element_type=\"widget\" data-widget_type=\"heading.default\">\n\t\t\t\t\t<div class=\"elementor-heading-title elementor-size-default\">Pilar Larrain <\/div>\t\t\t\t<\/div>\n\t\t\t\t<div class=\"elementor-element elementor-element-1fafafc elementor-hidden-mobile elementor-widget elementor-widget-heading\" data-id=\"1fafafc\" data-element_type=\"widget\" data-widget_type=\"heading.default\">\n\t\t\t\t\t<div class=\"elementor-heading-title elementor-size-default\">I<\/div>\t\t\t\t<\/div>\n\t\t\t\t<div class=\"elementor-element elementor-element-4e861f1 elementor-widget elementor-widget-image\" data-id=\"4e861f1\" data-element_type=\"widget\" data-widget_type=\"image.default\">\n\t\t\t\t\t\t\t\t\t\t\t\t\t\t\t<img decoding=\"async\" width=\"50\" height=\"36\" src=\"https:\/\/aiatinternational.com\/chile\/wp-content\/uploads\/2024\/01\/icon_mail.png\" class=\"attachment-full size-full wp-image-389\" alt=\"\" \/>\t\t\t\t\t\t\t\t\t\t\t\t\t\t\t<\/div>\n\t\t\t\t<div class=\"elementor-element elementor-element-0f849a6 elementor-widget elementor-widget-heading\" data-id=\"0f849a6\" data-element_type=\"widget\" data-widget_type=\"heading.default\">\n\t\t\t\t\t<div class=\"elementor-heading-title elementor-size-default\"><a href=\"mailto:pilarlarrain26@gmail.com\">pilarlarrain26@gmail.com<\/a><\/div>\t\t\t\t<\/div>\n\t\t\t\t\t<\/div>\n\t\t\t\t<\/div>\n\t\t<div class=\"elementor-element elementor-element-f30f10e animated-fast e-flex e-con-boxed elementor-invisible e-con e-child\" data-id=\"f30f10e\" data-element_type=\"container\" data-settings=\"{&quot;animation&quot;:&quot;zoomIn&quot;}\">\n\t\t\t\t\t<div class=\"e-con-inner\">\n\t\t\t\t<div class=\"elementor-element elementor-element-3a59814 elementor-widget elementor-widget-heading\" data-id=\"3a59814\" data-element_type=\"widget\" data-widget_type=\"heading.default\">\n\t\t\t\t\t<div class=\"elementor-heading-title elementor-size-default\">Mario Manriquez<\/div>\t\t\t\t<\/div>\n\t\t\t\t\t<\/div>\n\t\t\t\t<\/div>\n\t\t<div class=\"elementor-element elementor-element-0b3b4a8 animated-fast e-flex e-con-boxed elementor-invisible e-con e-child\" data-id=\"0b3b4a8\" data-element_type=\"container\" data-settings=\"{&quot;animation&quot;:&quot;zoomIn&quot;}\">\n\t\t\t\t\t<div class=\"e-con-inner\">\n\t\t\t\t<div class=\"elementor-element elementor-element-bfc727f elementor-widget elementor-widget-heading\" data-id=\"bfc727f\" data-element_type=\"widget\" data-widget_type=\"heading.default\">\n\t\t\t\t\t<div class=\"elementor-heading-title elementor-size-default\">Andres Cox <\/div>\t\t\t\t<\/div>\n\t\t\t\t<div class=\"elementor-element elementor-element-ede7a67 elementor-hidden-mobile elementor-widget elementor-widget-heading\" data-id=\"ede7a67\" data-element_type=\"widget\" data-widget_type=\"heading.default\">\n\t\t\t\t\t<div class=\"elementor-heading-title elementor-size-default\">I<\/div>\t\t\t\t<\/div>\n\t\t\t\t<div class=\"elementor-element elementor-element-32c7f21 elementor-widget elementor-widget-image\" data-id=\"32c7f21\" data-element_type=\"widget\" data-widget_type=\"image.default\">\n\t\t\t\t\t\t\t\t\t\t\t\t\t\t\t<img decoding=\"async\" width=\"50\" height=\"36\" src=\"https:\/\/aiatinternational.com\/chile\/wp-content\/uploads\/2024\/01\/icon_mail.png\" class=\"attachment-full size-full wp-image-389\" alt=\"\" \/>\t\t\t\t\t\t\t\t\t\t\t\t\t\t\t<\/div>\n\t\t\t\t<div class=\"elementor-element elementor-element-8110c88 elementor-widget elementor-widget-heading\" data-id=\"8110c88\" data-element_type=\"widget\" data-widget_type=\"heading.default\">\n\t\t\t\t\t<div class=\"elementor-heading-title elementor-size-default\"><a href=\"mailto:acox@ibdo.cl\">acox@ibdo.cl<\/a><\/div>\t\t\t\t<\/div>\n\t\t\t\t\t<\/div>\n\t\t\t\t<\/div>\n\t\t<div class=\"elementor-element elementor-element-a45bdd5 animated-fast e-flex e-con-boxed elementor-invisible e-con e-child\" data-id=\"a45bdd5\" data-element_type=\"container\" data-settings=\"{&quot;animation&quot;:&quot;zoomIn&quot;}\">\n\t\t\t\t\t<div class=\"e-con-inner\">\n\t\t\t\t<div class=\"elementor-element elementor-element-9f29d90 elementor-widget elementor-widget-heading\" data-id=\"9f29d90\" data-element_type=\"widget\" data-widget_type=\"heading.default\">\n\t\t\t\t\t<div class=\"elementor-heading-title elementor-size-default\">Luis Retamales <\/div>\t\t\t\t<\/div>\n\t\t\t\t<div class=\"elementor-element elementor-element-cbebf93 elementor-hidden-mobile elementor-widget elementor-widget-heading\" data-id=\"cbebf93\" data-element_type=\"widget\" data-widget_type=\"heading.default\">\n\t\t\t\t\t<div class=\"elementor-heading-title elementor-size-default\">I<\/div>\t\t\t\t<\/div>\n\t\t\t\t<div class=\"elementor-element elementor-element-a3f99c9 elementor-widget elementor-widget-image\" data-id=\"a3f99c9\" data-element_type=\"widget\" data-widget_type=\"image.default\">\n\t\t\t\t\t\t\t\t\t\t\t\t\t\t\t<img decoding=\"async\" width=\"50\" height=\"36\" src=\"https:\/\/aiatinternational.com\/chile\/wp-content\/uploads\/2024\/01\/icon_mail.png\" class=\"attachment-full size-full wp-image-389\" alt=\"\" \/>\t\t\t\t\t\t\t\t\t\t\t\t\t\t\t<\/div>\n\t\t\t\t<div class=\"elementor-element elementor-element-f7f976e elementor-widget elementor-widget-heading\" data-id=\"f7f976e\" data-element_type=\"widget\" data-widget_type=\"heading.default\">\n\t\t\t\t\t<div class=\"elementor-heading-title elementor-size-default\"><a href=\"mailto:lretamales77@gmail.com\">lretamales77@gmail.com<\/a><\/div>\t\t\t\t<\/div>\n\t\t\t\t\t<\/div>\n\t\t\t\t<\/div>\n\t\t<div class=\"elementor-element elementor-element-0678933 animated-fast e-flex e-con-boxed elementor-invisible e-con e-child\" data-id=\"0678933\" data-element_type=\"container\" data-settings=\"{&quot;animation&quot;:&quot;zoomIn&quot;}\">\n\t\t\t\t\t<div class=\"e-con-inner\">\n\t\t\t\t<div class=\"elementor-element elementor-element-a819a06 elementor-widget elementor-widget-heading\" data-id=\"a819a06\" data-element_type=\"widget\" data-widget_type=\"heading.default\">\n\t\t\t\t\t<div class=\"elementor-heading-title elementor-size-default\">Jose Miguel Guzman Espinola <\/div>\t\t\t\t<\/div>\n\t\t\t\t<div class=\"elementor-element elementor-element-15591fd elementor-hidden-mobile elementor-widget elementor-widget-heading\" data-id=\"15591fd\" data-element_type=\"widget\" data-widget_type=\"heading.default\">\n\t\t\t\t\t<div class=\"elementor-heading-title elementor-size-default\">I<\/div>\t\t\t\t<\/div>\n\t\t\t\t<div class=\"elementor-element elementor-element-a29afaf elementor-widget elementor-widget-image\" data-id=\"a29afaf\" data-element_type=\"widget\" data-widget_type=\"image.default\">\n\t\t\t\t\t\t\t\t\t\t\t\t\t\t\t<img decoding=\"async\" width=\"50\" height=\"36\" src=\"https:\/\/aiatinternational.com\/chile\/wp-content\/uploads\/2024\/01\/icon_mail.png\" class=\"attachment-full size-full wp-image-389\" alt=\"\" \/>\t\t\t\t\t\t\t\t\t\t\t\t\t\t\t<\/div>\n\t\t\t\t<div class=\"elementor-element elementor-element-e51f897 elementor-widget elementor-widget-heading\" data-id=\"e51f897\" data-element_type=\"widget\" data-widget_type=\"heading.default\">\n\t\t\t\t\t<div class=\"elementor-heading-title elementor-size-default\"><a href=\"mailto:jmguzmane@locampino.cl\">jmguzmane@locampino.cl<\/a><\/div>\t\t\t\t<\/div>\n\t\t\t\t\t<\/div>\n\t\t\t\t<\/div>\n\t\t\t\t<div class=\"elementor-element elementor-element-f9af182 elementor-hidden-desktop elementor-hidden-tablet elementor-hidden-mobile elementor-widget elementor-widget-spacer\" data-id=\"f9af182\" data-element_type=\"widget\" data-widget_type=\"spacer.default\">\n\t\t\t\t\t\t\t<div class=\"elementor-spacer\">\n\t\t\t<div class=\"elementor-spacer-inner\"><\/div>\n\t\t<\/div>\n\t\t\t\t\t\t<\/div>\n\t\t\t\t<div class=\"elementor-element elementor-element-869bd8b elementor-mobile-align-left elementor-hidden-desktop elementor-hidden-tablet elementor-hidden-mobile elementor-widget elementor-widget-button\" data-id=\"869bd8b\" data-element_type=\"widget\" data-widget_type=\"button.default\">\n\t\t\t\t\t\t\t\t\t\t<a class=\"elementor-button elementor-button-link elementor-size-lg\" href=\"https:\/\/www.facebook.com\/attelagedetradition\/\" target=\"_blank\">\n\t\t\t\t\t\t<span class=\"elementor-button-content-wrapper\">\n\t\t\t\t\t\t<span class=\"elementor-button-icon\">\n\t\t\t\t<svg aria-hidden=\"true\" class=\"e-font-icon-svg e-fab-facebook-f\" viewBox=\"0 0 320 512\" xmlns=\"http:\/\/www.w3.org\/2000\/svg\"><path d=\"M279.14 288l14.22-92.66h-88.91v-60.13c0-25.35 12.42-50.06 52.24-50.06h40.42V6.26S260.43 0 225.36 0c-73.22 0-121.08 44.38-121.08 124.72v70.62H22.89V288h81.39v224h100.17V288z\"><\/path><\/svg>\t\t\t<\/span>\n\t\t\t\t\t\t\t\t\t<span class=\"elementor-button-text\">S\u00edguenos en Facebook<\/span>\n\t\t\t\t\t<\/span>\n\t\t\t\t\t<\/a>\n\t\t\t\t\t\t\t\t<\/div>\n\t\t\t\t\t<\/div>\n\t\t\t\t<\/div>\n\t\t\t\t\t<\/div>\n\t\t\t\t<\/div>\n\t\t\t\t\t<\/div>\n\t\t\t\t<\/div>\n\t\t\t\t<\/div>\n\t\t","protected":false},"excerpt":{"rendered":"<p>Detalles de contacto: +56 982 190 56 jmguzman@locampino.cl Membres de l\u2019\u00e9quipe de direction: Jose Miguel Guzman Lyon I jmguzman@locampino.cl Grete Ruber Aubel I greteruber@gmail.com Jorge Gutierrez Pubill I jgutierrez@stars.cl Personne propos\u00e9e pour l\u2019administration Isabel Margarita Roa Marin I isabelroamarin@gmail.com Liste des personnes souhaitant se former en tant que juges ou d\u00e9l\u00e9gu\u00e9s techniques: Grete Rubber I [&hellip;]<\/p>\n","protected":false},"author":1,"featured_media":0,"parent":0,"menu_order":0,"comment_status":"closed","ping_status":"closed","template":"","meta":{"_exactmetrics_skip_tracking":false,"_exactmetrics_sitenote_active":false,"_exactmetrics_sitenote_note":"","_exactmetrics_sitenote_category":0,"footnotes":""},"class_list":["post-1015","page","type-page","status-publish","hentry"],"acf":[],"_links":{"self":[{"href":"https:\/\/aiatinternational.com\/chile\/wp-json\/wp\/v2\/pages\/1015","targetHints":{"allow":["GET"]}}],"collection":[{"href":"https:\/\/aiatinternational.com\/chile\/wp-json\/wp\/v2\/pages"}],"about":[{"href":"https:\/\/aiatinternational.com\/chile\/wp-json\/wp\/v2\/types\/page"}],"author":[{"embeddable":true,"href":"https:\/\/aiatinternational.com\/chile\/wp-json\/wp\/v2\/users\/1"}],"replies":[{"embeddable":true,"href":"https:\/\/aiatinternational.com\/chile\/wp-json\/wp\/v2\/comments?post=1015"}],"version-history":[{"count":5,"href":"https:\/\/aiatinternational.com\/chile\/wp-json\/wp\/v2\/pages\/1015\/revisions"}],"predecessor-version":[{"id":1092,"href":"https:\/\/aiatinternational.com\/chile\/wp-json\/wp\/v2\/pages\/1015\/revisions\/1092"}],"wp:attachment":[{"href":"https:\/\/aiatinternational.com\/chile\/wp-json\/wp\/v2\/media?parent=1015"}],"curies":[{"name":"wp","href":"https:\/\/api.w.org\/{rel}","templated":true}]}}