{"id":1041,"date":"2024-02-02T06:33:02","date_gmt":"2024-02-02T06:33:02","guid":{"rendered":"https:\/\/aiatinternational.com\/belgium\/?page_id=1041"},"modified":"2024-02-24T18:14:06","modified_gmt":"2024-02-24T18:14:06","slug":"actualites","status":"publish","type":"page","link":"https:\/\/aiatinternational.com\/belgium\/","title":{"rendered":"Actualit\u00e9s"},"content":{"rendered":"\t\t<div data-elementor-type=\"wp-page\" data-elementor-id=\"1041\" class=\"elementor elementor-1041\" data-elementor-post-type=\"page\">\n\t\t\t\t<div class=\"elementor-element elementor-element-f5f7d3e e-flex e-con-boxed e-con e-parent\" data-id=\"f5f7d3e\" data-element_type=\"container\">\n\t\t\t\t\t<div class=\"e-con-inner\">\n\t\t\t\t<div class=\"elementor-element elementor-element-9c6f21d animated-fast elementor-invisible elementor-widget elementor-widget-heading\" data-id=\"9c6f21d\" data-element_type=\"widget\" data-settings=\"{&quot;_animation&quot;:&quot;zoomIn&quot;}\" data-widget_type=\"heading.default\">\n\t\t\t\t<div class=\"elementor-widget-container\">\n\t\t\t\t\t<h3 class=\"elementor-heading-title elementor-size-default\">NEWS<\/h3>\t\t\t\t<\/div>\n\t\t\t\t<\/div>\n\t\t\t\t<div class=\"elementor-element elementor-element-abf3255 elementor-grid-1 elementor-grid-tablet-1 animated-fast elementor-grid-mobile-1 elementor-invisible elementor-widget elementor-widget-loop-grid\" data-id=\"abf3255\" data-element_type=\"widget\" data-settings=\"{&quot;template_id&quot;:366,&quot;columns&quot;:1,&quot;columns_tablet&quot;:1,&quot;row_gap&quot;:{&quot;unit&quot;:&quot;px&quot;,&quot;size&quot;:50,&quot;sizes&quot;:[]},&quot;_animation&quot;:&quot;zoomIn&quot;,&quot;_skin&quot;:&quot;post&quot;,&quot;columns_mobile&quot;:&quot;1&quot;,&quot;edit_handle_selector&quot;:&quot;[data-elementor-type=\\&quot;loop-item\\&quot;]&quot;,&quot;row_gap_tablet&quot;:{&quot;unit&quot;:&quot;px&quot;,&quot;size&quot;:&quot;&quot;,&quot;sizes&quot;:[]},&quot;row_gap_mobile&quot;:{&quot;unit&quot;:&quot;px&quot;,&quot;size&quot;:&quot;&quot;,&quot;sizes&quot;:[]}}\" data-widget_type=\"loop-grid.post\">\n\t\t\t\t<div class=\"elementor-widget-container\">\n\t\t\t\t\t\t\t<div class=\"elementor-loop-container elementor-grid\" role=\"list\">\n\t\t<style id=\"loop-366\">.elementor-366 .elementor-element.elementor-element-06bfba5{--display:flex;--flex-direction:row;--container-widget-width:initial;--container-widget-height:100%;--container-widget-flex-grow:1;--container-widget-align-self:stretch;--flex-wrap-mobile:wrap;--gap:50px 50px;--row-gap:50px;--column-gap:50px;}.elementor-366 .elementor-element.elementor-element-d3fcf6f{--display:flex;}.elementor-widget-theme-post-featured-image .widget-image-caption{color:var( --e-global-color-text );font-family:var( --e-global-typography-text-font-family ), Sans-serif;font-weight:var( --e-global-typography-text-font-weight );}.elementor-366 .elementor-element.elementor-element-85b1689 img{width:100%;height:400px;object-fit:cover;object-position:center center;border-radius:10px 10px 10px 10px;}.elementor-366 .elementor-element.elementor-element-82c5ed4{--display:flex;--justify-content:center;--gap:31px 31px;--row-gap:31px;--column-gap:31px;--padding-top:0px;--padding-bottom:0px;--padding-left:0px;--padding-right:0px;}.elementor-widget-theme-post-title .elementor-heading-title{font-family:var( --e-global-typography-primary-font-family ), Sans-serif;font-weight:var( --e-global-typography-primary-font-weight );line-height:var( --e-global-typography-primary-line-height );color:var( --e-global-color-primary );}.elementor-366 .elementor-element.elementor-element-f46ef00 .elementor-heading-title{font-family:\"Open Sans\", Sans-serif;font-size:31px;font-weight:600;line-height:1.3em;color:var( --e-global-color-accent );}.elementor-widget-text-editor{font-family:var( --e-global-typography-text-font-family ), Sans-serif;font-weight:var( --e-global-typography-text-font-weight );color:var( --e-global-color-text );}.elementor-widget-text-editor.elementor-drop-cap-view-stacked .elementor-drop-cap{background-color:var( --e-global-color-primary );}.elementor-widget-text-editor.elementor-drop-cap-view-framed .elementor-drop-cap, .elementor-widget-text-editor.elementor-drop-cap-view-default .elementor-drop-cap{color:var( --e-global-color-primary );border-color:var( --e-global-color-primary );}.elementor-366 .elementor-element.elementor-element-d40ec33{font-family:\"Open Sans\", Sans-serif;font-weight:400;}.elementor-widget-button .elementor-button{background-color:var( --e-global-color-accent );font-family:var( --e-global-typography-accent-font-family ), Sans-serif;font-weight:var( --e-global-typography-accent-font-weight );}.elementor-366 .elementor-element.elementor-element-e09157d .elementor-button:hover, .elementor-366 .elementor-element.elementor-element-e09157d .elementor-button:focus{background-color:var( --e-global-color-primary );color:var( --e-global-color-secondary );}.elementor-366 .elementor-element.elementor-element-e09157d .elementor-button:hover svg, .elementor-366 .elementor-element.elementor-element-e09157d .elementor-button:focus svg{fill:var( --e-global-color-secondary );}@media(max-width:1275px){.elementor-366 .elementor-element.elementor-element-06bfba5{--gap:30px 30px;--row-gap:30px;--column-gap:30px;}.elementor-366 .elementor-element.elementor-element-85b1689 img{height:265px;}.elementor-widget-theme-post-title .elementor-heading-title{line-height:var( --e-global-typography-primary-line-height );}.elementor-366 .elementor-element.elementor-element-f46ef00 .elementor-heading-title{font-size:26px;}}@media(max-width:767px){.elementor-366 .elementor-element.elementor-element-06bfba5{--flex-direction:column;--container-widget-width:100%;--container-widget-height:initial;--container-widget-flex-grow:0;--container-widget-align-self:initial;--flex-wrap-mobile:wrap;--gap:0px 0px;--row-gap:0px;--column-gap:0px;}.elementor-366 .elementor-element.elementor-element-82c5ed4{--padding-top:20px;--padding-bottom:20px;--padding-left:20px;--padding-right:20px;}.elementor-widget-theme-post-title .elementor-heading-title{line-height:var( --e-global-typography-primary-line-height );}}<\/style>\t\t<div data-elementor-type=\"loop-item\" data-elementor-id=\"366\" class=\"elementor elementor-366 e-loop-item e-loop-item-1098 post-1098 news type-news status-publish has-post-thumbnail hentry\" data-elementor-post-type=\"elementor_library\" data-custom-edit-handle=\"1\">\n\t\t\t<div class=\"elementor-element elementor-element-06bfba5 e-flex e-con-boxed e-con e-parent\" data-id=\"06bfba5\" data-element_type=\"container\">\n\t\t\t\t\t<div class=\"e-con-inner\">\n\t\t<div class=\"elementor-element elementor-element-d3fcf6f e-flex e-con-boxed e-con e-child\" data-id=\"d3fcf6f\" data-element_type=\"container\">\n\t\t\t\t\t<div class=\"e-con-inner\">\n\t\t\t\t<div class=\"elementor-element elementor-element-85b1689 elementor-widget elementor-widget-theme-post-featured-image elementor-widget-image\" data-id=\"85b1689\" data-element_type=\"widget\" data-widget_type=\"theme-post-featured-image.default\">\n\t\t\t\t<div class=\"elementor-widget-container\">\n\t\t\t\t\t\t\t\t\t\t\t\t\t\t\t<img fetchpriority=\"high\" decoding=\"async\" width=\"768\" height=\"512\" src=\"https:\/\/aiatinternational.com\/belgium\/wp-content\/uploads\/2024\/02\/324vaardigheid-768x512.jpg\" class=\"attachment-medium_large size-medium_large wp-image-1076\" alt=\"\" srcset=\"https:\/\/aiatinternational.com\/belgium\/wp-content\/uploads\/2024\/02\/324vaardigheid-768x512.jpg 768w, https:\/\/aiatinternational.com\/belgium\/wp-content\/uploads\/2024\/02\/324vaardigheid-300x200.jpg 300w, https:\/\/aiatinternational.com\/belgium\/wp-content\/uploads\/2024\/02\/324vaardigheid-1024x683.jpg 1024w, https:\/\/aiatinternational.com\/belgium\/wp-content\/uploads\/2024\/02\/324vaardigheid-1536x1024.jpg 1536w, https:\/\/aiatinternational.com\/belgium\/wp-content\/uploads\/2024\/02\/324vaardigheid.jpg 1600w\" sizes=\"(max-width: 768px) 100vw, 768px\" \/>\t\t\t\t\t\t\t\t\t\t\t\t\t\t\t<\/div>\n\t\t\t\t<\/div>\n\t\t\t\t\t<\/div>\n\t\t\t\t<\/div>\n\t\t<div class=\"elementor-element elementor-element-82c5ed4 e-flex e-con-boxed e-con e-child\" data-id=\"82c5ed4\" data-element_type=\"container\">\n\t\t\t\t\t<div class=\"e-con-inner\">\n\t\t\t\t<div class=\"elementor-element elementor-element-f46ef00 elementor-widget elementor-widget-theme-post-title elementor-page-title elementor-widget-heading\" data-id=\"f46ef00\" data-element_type=\"widget\" data-widget_type=\"theme-post-title.default\">\n\t\t\t\t<div class=\"elementor-widget-container\">\n\t\t\t\t\t<h6 class=\"elementor-heading-title elementor-size-default\">First CIAT in Oostkerke (BE) 7-8 September<\/h6>\t\t\t\t<\/div>\n\t\t\t\t<\/div>\n\t\t\t\t<div class=\"elementor-element elementor-element-d40ec33 elementor-widget elementor-widget-text-editor\" data-id=\"d40ec33\" data-element_type=\"widget\" data-widget_type=\"text-editor.default\">\n\t\t\t\t<div class=\"elementor-widget-container\">\n\t\t\t\t\t\t\t\t\tPlease find below more info about the event attached. Registration deadline \u2013 25 August. Hope to welcome you in Belgium! \t\t\t\t\t\t\t\t<\/div>\n\t\t\t\t<\/div>\n\t\t\t\t<div class=\"elementor-element elementor-element-e09157d elementor-mobile-align-left elementor-widget elementor-widget-button\" data-id=\"e09157d\" data-element_type=\"widget\" data-widget_type=\"button.default\">\n\t\t\t\t<div class=\"elementor-widget-container\">\n\t\t\t\t\t\t\t\t\t<div class=\"elementor-button-wrapper\">\n\t\t\t\t\t<a class=\"elementor-button elementor-button-link elementor-size-sm\" href=\"https:\/\/aiatinternational.com\/belgium\/news\/first-ciat-in-oostkerke-be-7-8-september\/\">\n\t\t\t\t\t\t<span class=\"elementor-button-content-wrapper\">\n\t\t\t\t\t\t\t\t\t<span class=\"elementor-button-text\">Read more<\/span>\n\t\t\t\t\t<\/span>\n\t\t\t\t\t<\/a>\n\t\t\t\t<\/div>\n\t\t\t\t\t\t\t\t<\/div>\n\t\t\t\t<\/div>\n\t\t\t\t\t<\/div>\n\t\t\t\t<\/div>\n\t\t\t\t\t<\/div>\n\t\t\t\t<\/div>\n\t\t\t\t<\/div>\n\t\t\t\t<\/div>\n\t\t\n\t\t\t\t\t\t<\/div>\n\t\t\t\t<\/div>\n\t\t\t\t<div class=\"elementor-element elementor-element-fdfd56f elementor-widget-divider--view-line elementor-widget elementor-widget-divider\" data-id=\"fdfd56f\" data-element_type=\"widget\" data-widget_type=\"divider.default\">\n\t\t\t\t<div class=\"elementor-widget-container\">\n\t\t\t\t\t\t\t<div class=\"elementor-divider\">\n\t\t\t<span class=\"elementor-divider-separator\">\n\t\t\t\t\t\t<\/span>\n\t\t<\/div>\n\t\t\t\t\t\t<\/div>\n\t\t\t\t<\/div>\n\t\t\t\t<div class=\"elementor-element elementor-element-a138f46 elementor-grid-2 elementor-grid-tablet-1 animated-fast elementor-grid-mobile-1 elementor-invisible elementor-widget elementor-widget-loop-grid\" data-id=\"a138f46\" data-element_type=\"widget\" data-settings=\"{&quot;template_id&quot;:272,&quot;columns&quot;:2,&quot;columns_tablet&quot;:1,&quot;row_gap&quot;:{&quot;unit&quot;:&quot;px&quot;,&quot;size&quot;:50,&quot;sizes&quot;:[]},&quot;_animation&quot;:&quot;zoomIn&quot;,&quot;pagination_type&quot;:&quot;load_more_infinite_scroll&quot;,&quot;_skin&quot;:&quot;post&quot;,&quot;columns_mobile&quot;:&quot;1&quot;,&quot;edit_handle_selector&quot;:&quot;[data-elementor-type=\\&quot;loop-item\\&quot;]&quot;,&quot;load_more_spinner&quot;:{&quot;value&quot;:&quot;fas fa-spinner&quot;,&quot;library&quot;:&quot;fa-solid&quot;},&quot;row_gap_tablet&quot;:{&quot;unit&quot;:&quot;px&quot;,&quot;size&quot;:&quot;&quot;,&quot;sizes&quot;:[]},&quot;row_gap_mobile&quot;:{&quot;unit&quot;:&quot;px&quot;,&quot;size&quot;:&quot;&quot;,&quot;sizes&quot;:[]}}\" data-widget_type=\"loop-grid.post\">\n\t\t\t\t<div class=\"elementor-widget-container\">\n\t\t\t\t\t\t\t<div class=\"elementor-loop-container elementor-grid\" role=\"list\">\n\t\t<style id=\"loop-272\">.elementor-272 .elementor-element.elementor-element-0c30bf0{--display:flex;--flex-direction:row;--container-widget-width:initial;--container-widget-height:100%;--container-widget-flex-grow:1;--container-widget-align-self:stretch;--flex-wrap-mobile:wrap;--background-transition:0.3s;--border-radius:10px 10px 10px 10px;}.elementor-272 .elementor-element.elementor-element-0c30bf0:hover{background-color:#CEB69E42;}.elementor-272 .elementor-element.elementor-element-6bf1e5e{--display:flex;}.elementor-widget-theme-post-featured-image .widget-image-caption{color:var( --e-global-color-text );font-family:var( --e-global-typography-text-font-family ), Sans-serif;font-weight:var( --e-global-typography-text-font-weight );}.elementor-272 .elementor-element.elementor-element-b2196f3 img{height:250px;object-fit:cover;object-position:center center;border-radius:10px 10px 10px 10px;}.elementor-272 .elementor-element.elementor-element-414e495{--display:flex;--gap:10px 10px;--row-gap:10px;--column-gap:10px;--padding-top:30px;--padding-bottom:30px;--padding-left:30px;--padding-right:30px;}.elementor-widget-theme-post-title .elementor-heading-title{font-family:var( --e-global-typography-primary-font-family ), Sans-serif;font-weight:var( --e-global-typography-primary-font-weight );line-height:var( --e-global-typography-primary-line-height );color:var( --e-global-color-primary );}.elementor-272 .elementor-element.elementor-element-4f74727 .elementor-heading-title{font-family:\"Open Sans\", Sans-serif;font-size:19px;font-weight:600;line-height:1.3em;color:var( --e-global-color-accent );}.elementor-widget-text-editor{font-family:var( --e-global-typography-text-font-family ), Sans-serif;font-weight:var( --e-global-typography-text-font-weight );color:var( --e-global-color-text );}.elementor-widget-text-editor.elementor-drop-cap-view-stacked .elementor-drop-cap{background-color:var( --e-global-color-primary );}.elementor-widget-text-editor.elementor-drop-cap-view-framed .elementor-drop-cap, .elementor-widget-text-editor.elementor-drop-cap-view-default .elementor-drop-cap{color:var( --e-global-color-primary );border-color:var( --e-global-color-primary );}@media(max-width:1275px){.elementor-widget-theme-post-title .elementor-heading-title{line-height:var( --e-global-typography-primary-line-height );}}@media(max-width:767px){.elementor-272 .elementor-element.elementor-element-414e495{--padding-top:20px;--padding-bottom:20px;--padding-left:20px;--padding-right:20px;}.elementor-widget-theme-post-title .elementor-heading-title{line-height:var( --e-global-typography-primary-line-height );}}<\/style>\t\t<div data-elementor-type=\"loop-item\" data-elementor-id=\"272\" class=\"elementor elementor-272 e-loop-item e-loop-item-1092 post-1092 news type-news status-publish has-post-thumbnail hentry\" data-elementor-post-type=\"elementor_library\" data-custom-edit-handle=\"1\">\n\t\t\t<a class=\"elementor-element elementor-element-0c30bf0 e-flex e-con-boxed e-con e-parent\" data-id=\"0c30bf0\" data-element_type=\"container\" href=\"https:\/\/aiatinternational.com\/belgium\/news\/visite-des-chateaux-dans-les-environs-de-bruges\/\">\n\t\t\t\t\t<div class=\"e-con-inner\">\n\t\t<div class=\"elementor-element elementor-element-6bf1e5e e-flex e-con-boxed e-con e-child\" data-id=\"6bf1e5e\" data-element_type=\"container\">\n\t\t\t\t\t<div class=\"e-con-inner\">\n\t\t\t\t<div class=\"elementor-element elementor-element-b2196f3 elementor-widget elementor-widget-theme-post-featured-image elementor-widget-image\" data-id=\"b2196f3\" data-element_type=\"widget\" data-widget_type=\"theme-post-featured-image.default\">\n\t\t\t\t<div class=\"elementor-widget-container\">\n\t\t\t\t\t\t\t\t\t\t\t\t\t\t\t<img decoding=\"async\" width=\"768\" height=\"429\" src=\"https:\/\/aiatinternational.com\/belgium\/wp-content\/uploads\/2024\/04\/invitation_-768x429.jpg\" class=\"attachment-medium_large size-medium_large wp-image-1093\" alt=\"\" srcset=\"https:\/\/aiatinternational.com\/belgium\/wp-content\/uploads\/2024\/04\/invitation_-768x429.jpg 768w, https:\/\/aiatinternational.com\/belgium\/wp-content\/uploads\/2024\/04\/invitation_-300x167.jpg 300w, https:\/\/aiatinternational.com\/belgium\/wp-content\/uploads\/2024\/04\/invitation_-1024x572.jpg 1024w, https:\/\/aiatinternational.com\/belgium\/wp-content\/uploads\/2024\/04\/invitation_.jpg 1075w\" sizes=\"(max-width: 768px) 100vw, 768px\" \/>\t\t\t\t\t\t\t\t\t\t\t\t\t\t\t<\/div>\n\t\t\t\t<\/div>\n\t\t\t\t\t<\/div>\n\t\t\t\t<\/div>\n\t\t<div class=\"elementor-element elementor-element-414e495 e-flex e-con-boxed e-con e-child\" data-id=\"414e495\" data-element_type=\"container\">\n\t\t\t\t\t<div class=\"e-con-inner\">\n\t\t\t\t<div class=\"elementor-element elementor-element-4f74727 elementor-widget elementor-widget-theme-post-title elementor-page-title elementor-widget-heading\" data-id=\"4f74727\" data-element_type=\"widget\" data-widget_type=\"theme-post-title.default\">\n\t\t\t\t<div class=\"elementor-widget-container\">\n\t\t\t\t\t<h6 class=\"elementor-heading-title elementor-size-default\">Visite des ch\u00e2teaux dans les environs de Bruges<\/h6>\t\t\t\t<\/div>\n\t\t\t\t<\/div>\n\t\t\t\t<div class=\"elementor-element elementor-element-a5266f2 elementor-widget elementor-widget-text-editor\" data-id=\"a5266f2\" data-element_type=\"widget\" data-widget_type=\"text-editor.default\">\n\t\t\t\t<div class=\"elementor-widget-container\">\n\t\t\t\t\t\t\t\t\tNous aimerions vous inviter le 19 mai 2024 \u00e0 notre promenade au d\u00e9part du ch\u00e2teau de Beernem.\t\t\t\t\t\t\t\t<\/div>\n\t\t\t\t<\/div>\n\t\t\t\t\t<\/div>\n\t\t\t\t<\/div>\n\t\t\t\t\t<\/div>\n\t\t\t\t<\/a>\n\t\t\t\t<\/div>\n\t\t\t\t<\/div>\n\t\t\t\t\t<span class=\"e-load-more-spinner\">\n\t\t\t\t<svg aria-hidden=\"true\" class=\"e-font-icon-svg e-fas-spinner\" viewBox=\"0 0 512 512\" xmlns=\"http:\/\/www.w3.org\/2000\/svg\"><path d=\"M304 48c0 26.51-21.49 48-48 48s-48-21.49-48-48 21.49-48 48-48 48 21.49 48 48zm-48 368c-26.51 0-48 21.49-48 48s21.49 48 48 48 48-21.49 48-48-21.49-48-48-48zm208-208c-26.51 0-48 21.49-48 48s21.49 48 48 48 48-21.49 48-48-21.49-48-48-48zM96 256c0-26.51-21.49-48-48-48S0 229.49 0 256s21.49 48 48 48 48-21.49 48-48zm12.922 99.078c-26.51 0-48 21.49-48 48s21.49 48 48 48 48-21.49 48-48c0-26.509-21.491-48-48-48zm294.156 0c-26.51 0-48 21.49-48 48s21.49 48 48 48 48-21.49 48-48c0-26.509-21.49-48-48-48zM108.922 60.922c-26.51 0-48 21.49-48 48s21.49 48 48 48 48-21.49 48-48-21.491-48-48-48z\"><\/path><\/svg>\t\t\t<\/span>\n\t\t\n\t\t\t\t\t\t<\/div>\n\t\t\t\t<\/div>\n\t\t\t\t\t<\/div>\n\t\t\t\t<\/div>\n\t\t\t\t<\/div>\n\t\t","protected":false},"excerpt":{"rendered":"<p>NEWS<\/p>\n","protected":false},"author":1,"featured_media":0,"parent":0,"menu_order":0,"comment_status":"closed","ping_status":"closed","template":"","meta":{"_exactmetrics_skip_tracking":false,"_exactmetrics_sitenote_active":false,"_exactmetrics_sitenote_note":"","_exactmetrics_sitenote_category":0,"footnotes":""},"class_list":["post-1041","page","type-page","status-publish","hentry"],"acf":[],"_links":{"self":[{"href":"https:\/\/aiatinternational.com\/belgium\/wp-json\/wp\/v2\/pages\/1041","targetHints":{"allow":["GET"]}}],"collection":[{"href":"https:\/\/aiatinternational.com\/belgium\/wp-json\/wp\/v2\/pages"}],"about":[{"href":"https:\/\/aiatinternational.com\/belgium\/wp-json\/wp\/v2\/types\/page"}],"author":[{"embeddable":true,"href":"https:\/\/aiatinternational.com\/belgium\/wp-json\/wp\/v2\/users\/1"}],"replies":[{"embeddable":true,"href":"https:\/\/aiatinternational.com\/belgium\/wp-json\/wp\/v2\/comments?post=1041"}],"version-history":[{"count":5,"href":"https:\/\/aiatinternational.com\/belgium\/wp-json\/wp\/v2\/pages\/1041\/revisions"}],"predecessor-version":[{"id":1059,"href":"https:\/\/aiatinternational.com\/belgium\/wp-json\/wp\/v2\/pages\/1041\/revisions\/1059"}],"wp:attachment":[{"href":"https:\/\/aiatinternational.com\/belgium\/wp-json\/wp\/v2\/media?parent=1041"}],"curies":[{"name":"wp","href":"https:\/\/api.w.org\/{rel}","templated":true}]}}